{"id":1181,"date":"2022-08-30T02:17:48","date_gmt":"2022-08-30T05:17:48","guid":{"rendered":"https:\/\/www.falaroca.com\/mapa\/home-page-2\/"},"modified":"2022-09-27T06:57:57","modified_gmt":"2022-09-27T09:57:57","slug":"home-page-2","status":"publish","type":"page","link":"https:\/\/www.falaroca.com\/mapa\/","title":{"rendered":""},"content":{"rendered":"\r\n\t\t\t<style>.wpgmza_table_address { display: none; }<\/style>\r\n\r\n\t\t\t<div style=\"display:block; width:100%;\">\r\n\r\n\t\t\t\t\r\n\t\t\t\r\n\t\t\t\t<div id=\"wpgmaps_directions_notification_1\" style=\"display:none;\">Obtendo instru\u00e7\u00f5es de Como Chegar...<\/div>\r\n\t\t\t\t<div id=\"wpgmaps_directions_reset_1\" style=\"display:none;\">\r\n\r\n\t\t\t\t\t<a href='javascript:void(0)' onclick='wpgmza_reset_directions(1);' id='wpgmaps_reset_directions' title='Excluir as instru\u00e7\u00f5es de Como Chegar'>Excluir as instru\u00e7\u00f5es de Como Chegar<\/a>\r\n\t\t\t\t\t<br \/>\r\n\t\t\t\t\t<a href='javascript: ;' id='wpgmaps_print_directions_1' target='_blank' title='Imprimir as instru\u00e7\u00f5es de Como Chegar'>Imprimir as instru\u00e7\u00f5es de Como Chegar<\/a>\r\n\t\t\t\t<\/div>\r\n\t\t\t\r\n\t\t\t\t<div id=\"directions_panel_1\"><\/div>\r\n\t\t\t\r\n\t\t\t<\/div>\r\n\r\n\t\t\t<div class='wpgmza-marker-listing-category-filter' data-map-id='1' id='wpgmza_filter_1' style='text-align:left; margin-bottom:0px;'><span>Filtrar por<\/span><select mid=\"1\" id=\"wpgmza_filter_select\" name=\"wpgmza_filter_select\"><option value=\"0\">Todas<\/option><option value=\"14\">&nbsp;Artes Pl\u00e1sticas<\/option><option value=\"8\">&nbsp;Artesanato<\/option><option value=\"17\">&nbsp;Carnaval<\/option><option value=\"15\">&nbsp;Centro comunit\u00e1rio<\/option><option value=\"5\">&nbsp;Centro Cultural<\/option><option value=\"11\">&nbsp;Centro Social<\/option><option value=\"16\">&nbsp;Cinema<\/option><option value=\"18\">&nbsp;Circo<\/option><option value=\"10\">&nbsp;Comunica\u00e7\u00e3o<\/option><option value=\"19\">&nbsp;Culin\u00e1ria<\/option><option value=\"20\">&nbsp;Cultura digital<\/option><option value=\"13\">&nbsp;Dan\u00e7a<\/option><option value=\"2\">&nbsp;Educa\u00e7\u00e3o<\/option><option value=\"4\">&nbsp;Esporte<\/option><option value=\"21\">&nbsp;Fotografia<\/option><option value=\"22\">&nbsp;Grafite<\/option><option value=\"1\">&nbsp;Lazer<\/option><option value=\"23\">&nbsp;Moda<\/option><option value=\"24\">&nbsp;Museu<\/option><option value=\"7\">&nbsp;M\u00fasica<\/option><option value=\"25\">&nbsp;Pintura<\/option><option value=\"6\">&nbsp;Ponto de Encontro<\/option><option value=\"3\">&nbsp;Ponto de Refer\u00eancia<\/option><option value=\"9\">&nbsp;Religi\u00e3o<\/option><option value=\"12\">&nbsp;Teatro<\/option><\/select><\/div>\r\n\t\t\t\r\n\t\t\t\r\n\r\n\t\t\t\r\n            <a name='map1'><\/a>\r\n\r\n\t\t\t<div class=\"wpgmza_map \" id=\"wpgmza_map_1\" style=\"display:block; overflow:auto; width:100%; height:600px; float:left;\" data-settings='{\"id\":\"1\",\"map_title\":\"Mapa Cultural\",\"map_width\":\"100\",\"map_height\":\"600\",\"map_start_lat\":\"-22.987684160217192\",\"map_start_lng\":\"-43.24770097008352\",\"map_start_location\":\"\",\"map_start_zoom\":\"15\",\"default_marker\":\"\\\/\\\/www.falaroca.com\\\/mapa\\\/wp-content\\\/plugins\\\/wp-google-maps\\\/images\\\/spotlight-poi2.png\",\"type\":\"2\",\"alignment\":\"0\",\"directions_enabled\":\"0\",\"styling_enabled\":\"0\",\"styling_json\":\"\",\"active\":\"0\",\"kml\":\"\",\"bicycle\":\"0\",\"traffic\":\"0\",\"dbox\":\"2\",\"dbox_width\":\"100\",\"listmarkers\":\"0\",\"listmarkers_advanced\":\"0\",\"filterbycat\":\"1\",\"ugm_enabled\":\"0\",\"ugm_category_enabled\":\"0\",\"fusion\":\"\",\"map_width_type\":\"%\",\"map_height_type\":\"px\",\"mass_marker_support\":\"0\",\"ugm_access\":\"0\",\"order_markers_by\":\"2\",\"order_markers_choice\":\"1\",\"show_user_location\":\"0\",\"default_to\":\"\",\"other_settings\":{\"map_type\":1,\"sl_stroke_color\":\"#ff0000\",\"sl_fill_color\":\"#ff0000\",\"sl_stroke_opacity\":\"1\",\"sl_fill_opacity\":\"0.5\",\"transport_layer\":false,\"action\":\"wpgmza_save_map\",\"redirect_to\":\"\\\/mapa\\\/wp-admin\\\/admin-post.php\",\"map_id\":\"1\",\"http_referer\":\"\\\/mapa\\\/wp-admin\\\/admin.php?page=wp-google-maps-menu&amp;amp;action=edit&amp;amp;map_id=1\",\"wpgmza_id\":\"1\",\"wpgmza_start_location\":\"-22.987684160217192,-43.24770097008352\",\"wpgmza_start_zoom\":\"15\",\"wpgmza_theme\":\"5\",\"wpgmza_theme_data\":\"[\\r\\n    {\\r\\n        \\\"featureType\\\": \\\"all\\\",\\r\\n        \\\"elementType\\\": \\\"labels\\\",\\r\\n        \\\"stylers\\\": [\\r\\n            {\\r\\n                \\\"visibility\\\": \\\"off\\\"\\r\\n            }\\r\\n        ]\\r\\n    },\\r\\n    {\\r\\n        \\\"featureType\\\": \\\"administrative\\\",\\r\\n        \\\"elementType\\\": \\\"labels\\\",\\r\\n        \\\"stylers\\\": [\\r\\n            {\\r\\n                \\\"visibility\\\": \\\"off\\\"\\r\\n            }\\r\\n        ]\\r\\n    },\\r\\n    {\\r\\n        \\\"featureType\\\": \\\"administrative\\\",\\r\\n        \\\"elementType\\\": \\\"labels.text.fill\\\",\\r\\n        \\\"stylers\\\": [\\r\\n            {\\r\\n                \\\"color\\\": \\\"#444444\\\"\\r\\n            },\\r\\n            {\\r\\n                \\\"visibility\\\": \\\"off\\\"\\r\\n            }\\r\\n        ]\\r\\n    },\\r\\n    {\\r\\n        \\\"featureType\\\": \\\"administrative.neighborhood\\\",\\r\\n        \\\"elementType\\\": \\\"labels\\\",\\r\\n        \\\"stylers\\\": [\\r\\n            {\\r\\n                \\\"visibility\\\": \\\"off\\\"\\r\\n            }\\r\\n        ]\\r\\n    },\\r\\n    {\\r\\n        \\\"featureType\\\": \\\"landscape\\\",\\r\\n        \\\"elementType\\\": \\\"all\\\",\\r\\n        \\\"stylers\\\": [\\r\\n            {\\r\\n                \\\"visibility\\\": \\\"on\\\"\\r\\n            },\\r\\n            {\\r\\n                \\\"color\\\": \\\"#e0dfe0\\\"\\r\\n            }\\r\\n        ]\\r\\n    },\\r\\n    {\\r\\n        \\\"featureType\\\": \\\"landscape\\\",\\r\\n        \\\"elementType\\\": \\\"labels\\\",\\r\\n        \\\"stylers\\\": [\\r\\n            {\\r\\n                \\\"visibility\\\": \\\"off\\\"\\r\\n            }\\r\\n        ]\\r\\n    },\\r\\n    {\\r\\n        \\\"featureType\\\": \\\"poi\\\",\\r\\n        \\\"elementType\\\": \\\"all\\\",\\r\\n        \\\"stylers\\\": [\\r\\n            {\\r\\n                \\\"visibility\\\": \\\"off\\\"\\r\\n            }\\r\\n        ]\\r\\n    },\\r\\n    {\\r\\n        \\\"featureType\\\": \\\"poi\\\",\\r\\n        \\\"elementType\\\": \\\"labels\\\",\\r\\n        \\\"stylers\\\": [\\r\\n            {\\r\\n                \\\"visibility\\\": \\\"off\\\"\\r\\n            }\\r\\n        ]\\r\\n    },\\r\\n    {\\r\\n        \\\"featureType\\\": \\\"poi.park\\\",\\r\\n        \\\"elementType\\\": \\\"geometry\\\",\\r\\n        \\\"stylers\\\": [\\r\\n            {\\r\\n                \\\"color\\\": \\\"#a8a9a8\\\"\\r\\n            },\\r\\n            {\\r\\n                \\\"visibility\\\": \\\"on\\\"\\r\\n            }\\r\\n        ]\\r\\n    },\\r\\n    {\\r\\n        \\\"featureType\\\": \\\"road\\\",\\r\\n        \\\"elementType\\\": \\\"all\\\",\\r\\n        \\\"stylers\\\": [\\r\\n            {\\r\\n                \\\"saturation\\\": -100\\r\\n            },\\r\\n            {\\r\\n                \\\"lightness\\\": 45\\r\\n            }\\r\\n        ]\\r\\n    },\\r\\n    {\\r\\n        \\\"featureType\\\": \\\"road\\\",\\r\\n        \\\"elementType\\\": \\\"geometry.fill\\\",\\r\\n        \\\"stylers\\\": [\\r\\n            {\\r\\n                \\\"visibility\\\": \\\"on\\\"\\r\\n            },\\r\\n            {\\r\\n                \\\"color\\\": \\\"#5b5b5a\\\"\\r\\n            }\\r\\n        ]\\r\\n    },\\r\\n    {\\r\\n        \\\"featureType\\\": \\\"road\\\",\\r\\n        \\\"elementType\\\": \\\"labels\\\",\\r\\n        \\\"stylers\\\": [\\r\\n            {\\r\\n                \\\"visibility\\\": \\\"off\\\"\\r\\n            }\\r\\n        ]\\r\\n    },\\r\\n    {\\r\\n        \\\"featureType\\\": \\\"road.highway\\\",\\r\\n        \\\"elementType\\\": \\\"all\\\",\\r\\n        \\\"stylers\\\": [\\r\\n            {\\r\\n                \\\"visibility\\\": \\\"simplified\\\"\\r\\n            }\\r\\n        ]\\r\\n    },\\r\\n    {\\r\\n        \\\"featureType\\\": \\\"road.highway\\\",\\r\\n        \\\"elementType\\\": \\\"labels\\\",\\r\\n        \\\"stylers\\\": [\\r\\n            {\\r\\n                \\\"visibility\\\": \\\"off\\\"\\r\\n            }\\r\\n        ]\\r\\n    },\\r\\n    {\\r\\n        \\\"featureType\\\": \\\"road.arterial\\\",\\r\\n        \\\"elementType\\\": \\\"labels.icon\\\",\\r\\n        \\\"stylers\\\": [\\r\\n            {\\r\\n                \\\"visibility\\\": \\\"off\\\"\\r\\n            }\\r\\n        ]\\r\\n    },\\r\\n    {\\r\\n        \\\"featureType\\\": \\\"transit\\\",\\r\\n        \\\"elementType\\\": \\\"all\\\",\\r\\n        \\\"stylers\\\": [\\r\\n            {\\r\\n                \\\"visibility\\\": \\\"off\\\"\\r\\n            }\\r\\n        ]\\r\\n    },\\r\\n    {\\r\\n        \\\"featureType\\\": \\\"transit\\\",\\r\\n        \\\"elementType\\\": \\\"labels\\\",\\r\\n        \\\"stylers\\\": [\\r\\n            {\\r\\n                \\\"visibility\\\": \\\"off\\\"\\r\\n            }\\r\\n        ]\\r\\n    },\\r\\n    {\\r\\n        \\\"featureType\\\": \\\"water\\\",\\r\\n        \\\"elementType\\\": \\\"all\\\",\\r\\n        \\\"stylers\\\": [\\r\\n            {\\r\\n                \\\"color\\\": \\\"#ffffff\\\"\\r\\n            },\\r\\n            {\\r\\n                \\\"visibility\\\": \\\"on\\\"\\r\\n            }\\r\\n        ]\\r\\n    },\\r\\n    {\\r\\n        \\\"featureType\\\": \\\"water\\\",\\r\\n        \\\"elementType\\\": \\\"labels\\\",\\r\\n        \\\"stylers\\\": [\\r\\n            {\\r\\n                \\\"visibility\\\": \\\"off\\\"\\r\\n            }\\r\\n        ]\\r\\n    }\\r\\n]\",\"wpgmza_dbox_width_type\":\"%\",\"default_from\":\"\",\"directions_behaviour\":\"default\",\"force_google_directions_app\":false,\"directions_route_origin_icon\":\"https:\\\/\\\/www.falaroca.com\\\/mapa\\\/wp-content\\\/plugins\\\/wp-google-maps\\\/images\\\/spotlight-poi2.png\",\"directions_origin_retina\":false,\"directions_route_destination_icon\":\"https:\\\/\\\/www.falaroca.com\\\/mapa\\\/wp-content\\\/plugins\\\/wp-google-maps\\\/images\\\/spotlight-poi2.png\",\"directions_destination_retina\":false,\"directions_route_stroke_color\":\"#4f8df5\",\"directions_route_stroke_weight\":\"4\",\"directions_route_stroke_opacity\":\"0.8\",\"directions_fit_bounds_to_route\":false,\"store_locator_enabled\":false,\"store_locator_search_area\":\"radial\",\"wpgmza_store_locator_radius_style\":\"legacy\",\"wpgmza_store_locator_default_radius\":\"10\",\"store_locator_auto_area_max_zoom\":\"\",\"wpgmza_store_locator_restrict\":\"\",\"store_locator_distance\":false,\"wpgmza_store_locator_position\":false,\"store_locator_show_distance\":false,\"store_locator_category\":false,\"wpgmza_store_locator_use_their_location\":false,\"wpgmza_store_locator_bounce\":false,\"upload_default_sl_marker\":\"\",\"upload_default_sl_marker_retina\":false,\"wpgmza_sl_animation\":\"0\",\"wpgmza_store_locator_hide_before_search\":false,\"store_locator_query_string\":\"\",\"store_locator_location_placeholder\":\"\",\"store_locator_default_address\":\"\",\"store_locator_name_search\":false,\"store_locator_name_string\":\"\",\"store_locator_not_found_message\":\"\",\"retina\":false,\"wpgmza_map_align\":\"1\",\"upload_default_ul_marker\":\"\",\"upload_default_ul_marker_retina\":false,\"jump_to_nearest_marker_on_initialization\":false,\"automatically_pan_to_users_location\":false,\"override_users_location_zoom_level\":false,\"override_users_location_zoom_levels\":\"\",\"show_distance_from_location\":false,\"map_max_zoom\":\"21\",\"map_min_zoom\":\"0\",\"click_open_link\":false,\"fit_maps_bounds_to_markers\":false,\"fit_maps_bounds_to_markers_after_filtering\":false,\"hide_point_of_interest\":false,\"wpgmza_zoom_on_marker_click\":false,\"wpgmza_zoom_on_marker_click_slider\":\"\",\"close_infowindow_on_map_click\":false,\"disable_lightbox_images\":false,\"use_Raw_Jpeg_Coordinates\":false,\"polygon_labels\":false,\"disable_polygon_info_windows\":false,\"enable_advanced_custom_fields_integration\":false,\"enable_toolset_woocommerce_integration\":false,\"only_load_markers_within_viewport\":false,\"iw_primary_color\":\"#000000\",\"iw_accent_color\":\"#000000\",\"iw_text_color\":\"#000000\",\"wpgmza_listmarkers_by\":\"4\",\"wpgmza_marker_listing_position\":false,\"wpgmza_push_in_map\":false,\"wpgmza_push_in_map_placement\":\"1\",\"wpgmza_push_in_map_width\":\"\",\"wpgmza_push_in_map_height\":\"\",\"zoom_level_on_marker_listing_override\":false,\"zoom_level_on_marker_listing_click\":\"\",\"marker_listing_disable_zoom\":false,\"datatable_no_result_message\":\"\",\"remove_search_box_datables\":false,\"dataTable_pagination_style\":\"first-and-last-buttons-plus-page-numbers\",\"datatable_search_string\":\"\",\"datatable_result_start\":\"\",\"datatable_result_of\":\"\",\"datatable_result_to\":\"\",\"datatable_result_total\":\"\",\"datatable_result_show\":\"\",\"datatable_result_entries\":\"\",\"wpgmza_savemap\":\"Salvar o Mapa \\u00bb\",\"shortcodeAttributes\":{\"id\":\"1\"},\"wpgmza_iw_type\":\"0\",\"enable_woo_product_integration\":false,\"zoom_level_mobile_override_enabled\":false,\"zoom_level_mobile_override\":\"\",\"enable_marker_labels\":false}}' data-map-id='1' data-shortcode-attributes='{\"id\":\"1\"}' > <\/div>   \r\n\t\t\t\r\n\r\n\t\t\t<div data-wpgmza-table data-wpgmza-php-class=\"WPGMZA\\MarkerListing\\BasicList\" data-wpgmza-rest-api-route=\"\/marker-listing\/\" data-wpgmza-marker-listing=\"true\" class=\"wpgmza_marker_list_class\" style=\"width:100%;\" data-wpgmza-ajax-parameters='{\"map_id\":\"1\"}' id=\"wpgmza_marker_list_1\"><\/div>\r\n\t\t\t\r\n\r\n        \n\n\n\n<p><\/p>\n","protected":false},"excerpt":{"rendered":"","protected":false},"author":1,"featured_media":0,"parent":0,"menu_order":0,"comment_status":"closed","ping_status":"closed","template":"","meta":{"_themeisle_gutenberg_block_has_review":false,"footnotes":""},"class_list":["post-1181","page","type-page","status-publish","hentry"],"blocksy_meta":{"styles_descriptor":{"styles":{"desktop":"[data-prefix=\"single_page\"] .entry-header .page-title {--theme-font-size:30px;} [data-prefix=\"single_page\"] .entry-header .entry-meta {--theme-font-weight:600;--theme-text-transform:uppercase;--theme-font-size:12px;--theme-line-height:1.3;} [data-prefix=\"single_page\"] .hero-section[data-type=\"type-1\"] {--margin-bottom:0px;}","tablet":"","mobile":""},"google_fonts":{"Asap":["n4","n6"]},"version":6},"page_title_panel":"","has_hero_section":"enabled","95cb7509168b7bda19ebfd770dd2fa49":"","hero_section":"type-1","hero_elements":[{"id":"custom_title","enabled":false,"heading_tag":"h1","title":"P\u00e1gina inicial","__id":"GvKvjok2j4e7sy8QzyA-s"},{"id":"custom_description","enabled":false,"description_visibility":{"desktop":true,"tablet":true,"mobile":false},"__id":"Z4x5PNvUDVrOChnlHMp6G"},{"id":"custom_meta","enabled":false,"meta_elements":[{"id":"author","enabled":true,"label":"Por","has_author_avatar":"yes","avatar_size":25},{"id":"post_date","enabled":true,"label":"Em","date_format_source":"default","date_format":"M j, Y"},{"id":"updated_date","enabled":false,"label":"Em","date_format_source":"default","date_format":"M j, Y"},{"id":"categories","enabled":false,"label":"Em","style":"simple"},{"id":"comments","enabled":true}],"page_meta_elements":{"joined":true,"articles_count":true,"comments":true},"__id":"jztLGqx1_PCufQPQO60II"},{"id":"breadcrumbs","enabled":false,"__id":"i3yTiPiPFPxtCeKPlrzV2"}],"7e23c27b6e641ce40a3f37f90b4ab515":"","hero_alignment1":"CT_CSS_SKIP_RULE","hero_margin":{"desktop":"0","tablet":"0","mobile":"0","__changed":[]},"hero_alignment2":"center","hero_vertical_alignment":"center","cba475be6cb4fe2e5e6c2555cdf6d70e":"","hero_structure":"narrow","ffbc01a2aac79061b26c05595059ad0e":"","page_title_bg_type":"featured_image","custom_hero_background":{"attachment_id":null},"page_title_image_size":"full","parallax":{"desktop":false,"tablet":false,"mobile":false},"2c2ef96158eadb6240f1cee22c4dd655":"","hero_height":"250px","pageTitleFont":{"family":"Default","variation":"Default","size":"30px","line-height":"CT_CSS_SKIP_RULE","letter-spacing":"CT_CSS_SKIP_RULE","text-transform":"CT_CSS_SKIP_RULE","text-decoration":"CT_CSS_SKIP_RULE"},"pageTitleFontColor":{"default":{"color":"CT_CSS_SKIP_RULEDEFAULT"}},"pageMetaFont":{"family":"Default","variation":"n6","size":"12px","line-height":"1.3","letter-spacing":"CT_CSS_SKIP_RULE","text-transform":"uppercase","text-decoration":"CT_CSS_SKIP_RULE"},"pageMetaFontColor":{"default":{"color":"CT_CSS_SKIP_RULEDEFAULT"},"hover":{"color":"CT_CSS_SKIP_RULEDEFAULT"}},"page_meta_button_type_font_colors":{"default":{"color":"CT_CSS_SKIP_RULEDEFAULT"},"hover":{"color":"CT_CSS_SKIP_RULEDEFAULT"}},"page_meta_button_type_background_colors":{"default":{"color":"CT_CSS_SKIP_RULEDEFAULT"},"hover":{"color":"CT_CSS_SKIP_RULEDEFAULT"}},"pageExcerptFont":{"family":"Default","variation":"Default","size":"CT_CSS_SKIP_RULE","line-height":"CT_CSS_SKIP_RULE","letter-spacing":"CT_CSS_SKIP_RULE","text-transform":"CT_CSS_SKIP_RULE","text-decoration":"CT_CSS_SKIP_RULE"},"pageExcerptColor":{"default":{"color":"CT_CSS_SKIP_RULEDEFAULT"}},"breadcrumbsFont":{"family":"Default","variation":"Default","size":"CT_CSS_SKIP_RULE","line-height":"CT_CSS_SKIP_RULE","letter-spacing":"CT_CSS_SKIP_RULE","text-transform":"CT_CSS_SKIP_RULE","text-decoration":"CT_CSS_SKIP_RULE"},"breadcrumbsFontColor":{"default":{"color":"CT_CSS_SKIP_RULEDEFAULT"},"initial":{"color":"CT_CSS_SKIP_RULEDEFAULT"},"hover":{"color":"CT_CSS_SKIP_RULEDEFAULT"}},"pageTitleOverlay":{"background_type":"color","background_pattern":"type-1","background_image":{"attachment_id":null,"x":0,"y":0},"gradient":"linear-gradient(135deg,rgba(6,147,227,1) 0%,rgb(155,81,224) 100%)","background_repeat":"repeat","background_size":"auto","background_attachment":"scroll","patternColor":{"default":{"color":"#e5e7ea"}},"overlayColor":{"default":{"color":"CT_CSS_SKIP_RULE"}},"backgroundColor":{"default":{"color":"CT_CSS_SKIP_RULE"}}},"pageTitleBackground":{"background_type":"color","background_pattern":"type-1","background_image":{"attachment_id":null,"x":0,"y":0},"gradient":"linear-gradient(135deg,rgba(6,147,227,1) 0%,rgb(155,81,224) 100%)","background_repeat":"repeat","background_size":"auto","background_attachment":"scroll","patternColor":{"default":{"color":"#e5e7ea"}},"overlayColor":{"default":{"color":"CT_CSS_SKIP_RULE"}},"backgroundColor":{"default":{"color":"var(--theme-palette-color-6)"}}},"pageTitlePadding":{"top":"50px","bottom":"50px","left":"auto","right":"auto","linked":true},"7483c8959f615fffde226eb28ee1dfbe":"","page_structure_type":"default","78c6ebe6c51391b75daede12f84837c7":"","content_style_source":"inherit","content_style":"wide","vertical_spacing_source":"inherit","content_area_spacing":"both","background":{"background_type":"color","background_pattern":"type-1","background_image":{"attachment_id":null,"x":0,"y":0},"gradient":"linear-gradient(135deg,rgba(6,147,227,1) 0%,rgb(155,81,224) 100%)","background_repeat":"repeat","background_size":"auto","background_attachment":"scroll","patternColor":{"default":{"color":"#e5e7ea"}},"overlayColor":{"default":{"color":"CT_CSS_SKIP_RULE"}},"backgroundColor":{"default":{"color":"CT_CSS_SKIP_RULE"}}},"content_background":{"background_type":"color","background_pattern":"type-1","background_image":{"attachment_id":null,"x":0,"y":0},"gradient":"linear-gradient(135deg,rgba(6,147,227,1) 0%,rgb(155,81,224) 100%)","background_repeat":"repeat","background_size":"auto","background_attachment":"scroll","patternColor":{"default":{"color":"#e5e7ea"}},"overlayColor":{"default":{"color":"CT_CSS_SKIP_RULE"}},"backgroundColor":{"default":{"color":"var(--theme-palette-color-8)"}}},"content_boxed_shadow":{"inherit":false,"blur":18,"spread":-6,"v_offset":12,"h_offset":0,"inset":false,"enable":true,"color":{"color":"rgba(34, 56, 101, 0.04)"}},"content_boxed_border":{"width":1,"style":"none","color":{"color":"rgba(44,62,80,0.2)"}},"content_boxed_radius":{"top":"3px","bottom":"3px","left":"3px","right":"3px","linked":true},"boxed_content_spacing":{"desktop":{"top":"40px","bottom":"40px","left":"40px","right":"40px","linked":true},"tablet":{"top":"35px","bottom":"35px","left":"35px","right":"35px","linked":true},"mobile":{"top":"20px","bottom":"20px","left":"20px","right":"20px","linked":true}},"abc3907f418c80fb39ebe1d712cbd3d7":"","disable_featured_image":"no","disable_share_box":"no","disable_header":"no","disable_footer":"no","572d413bd3faf4c6b941b4cc265a32ab":"","831b896d412eb6e63d4a3fe6d0d100a8":"","7f8d91a5ae84822a01495056c1548e15":"","4c0c29264dcb8f9a44bf089bdacfabcd":"","f3cabbd0e7f3675b2acff2f03f4b2e5b":"","d928fd12e4fa94014e1a66fa45c5ce1e":"","1c2aa296e1afdbc5bf7e35b74813ab43":"","fd8261e8b39c927d3fab60f2cb5d51b7":"","805d54abea6b8f4c7eda3032f1d56d09":"","871dd17dfe7248c657d2eda7979efad9":"","c0519997109889fdb44b6f3f4a7409e7":"","64f37f6cde1ad2de7424c7d7e70d8036":"","cb57d29195b7f0bf8a7efd4c23d9ee15":"","0c035c297f6aee3507961d77a060a6d5":"","cd3e5d78c3f578241fb27a4df47665e1":"","66d4eaca1e3dad41bb63a158353815de":"","63a77da3c28e8d96dca7b55470ed45d9":"","0fcd8bff8a995f55d22f113e2a913c7e":"","74e440154a764fbc2583c54a454649c0":"","e449a705ccb3026440b400a811eb5de8":"","bc5f409883fb86bcf97c96fcbc6d716c":"","16cac3224874c818bd8fb607e162e566":"","09844611e5546814ef1ff2b8c1d07ade":"","20a16e3542bfb93e4013511b45c6c9e6":""},"yoast_head":"<!-- This site is optimized with the Yoast SEO plugin v25.2 - https:\/\/yoast.com\/wordpress\/plugins\/seo\/ -->\n<title>- Mapa Cultural da Rocinha<\/title>\n<meta name=\"robots\" content=\"index, follow, max-snippet:-1, max-image-preview:large, max-video-preview:-1\" \/>\n<link rel=\"canonical\" href=\"https:\/\/www.falaroca.com\/mapa\/\" \/>\n<meta property=\"og:locale\" content=\"pt_BR\" \/>\n<meta property=\"og:type\" content=\"article\" \/>\n<meta property=\"og:title\" content=\"- Mapa Cultural da Rocinha\" \/>\n<meta property=\"og:url\" content=\"https:\/\/www.falaroca.com\/mapa\/\" \/>\n<meta property=\"og:site_name\" content=\"Mapa Cultural da Rocinha\" \/>\n<meta property=\"article:modified_time\" content=\"2022-09-27T09:57:57+00:00\" \/>\n<meta name=\"twitter:card\" content=\"summary_large_image\" \/>\n<meta name=\"twitter:label1\" content=\"Est. tempo de leitura\" \/>\n\t<meta name=\"twitter:data1\" content=\"1 minuto\" \/>\n<script type=\"application\/ld+json\" class=\"yoast-schema-graph\">{\"@context\":\"https:\/\/schema.org\",\"@graph\":[{\"@type\":\"WebPage\",\"@id\":\"https:\/\/www.falaroca.com\/mapa\/\",\"url\":\"https:\/\/www.falaroca.com\/mapa\/\",\"name\":\"- Mapa Cultural da Rocinha\",\"isPartOf\":{\"@id\":\"https:\/\/www.falaroca.com\/mapa\/#website\"},\"datePublished\":\"2022-08-30T05:17:48+00:00\",\"dateModified\":\"2022-09-27T09:57:57+00:00\",\"inLanguage\":\"pt-BR\",\"potentialAction\":[{\"@type\":\"ReadAction\",\"target\":[\"https:\/\/www.falaroca.com\/mapa\/\"]}]},{\"@type\":\"WebSite\",\"@id\":\"https:\/\/www.falaroca.com\/mapa\/#website\",\"url\":\"https:\/\/www.falaroca.com\/mapa\/\",\"name\":\"Mapa Cultural da Rocinha\",\"description\":\"Mapa Cultural da Rocinha\",\"potentialAction\":[{\"@type\":\"SearchAction\",\"target\":{\"@type\":\"EntryPoint\",\"urlTemplate\":\"https:\/\/www.falaroca.com\/mapa\/?s={search_term_string}\"},\"query-input\":{\"@type\":\"PropertyValueSpecification\",\"valueRequired\":true,\"valueName\":\"search_term_string\"}}],\"inLanguage\":\"pt-BR\"}]}<\/script>\n<!-- \/ Yoast SEO plugin. -->","yoast_head_json":{"title":"- Mapa Cultural da Rocinha","robots":{"index":"index","follow":"follow","max-snippet":"max-snippet:-1","max-image-preview":"max-image-preview:large","max-video-preview":"max-video-preview:-1"},"canonical":"https:\/\/www.falaroca.com\/mapa\/","og_locale":"pt_BR","og_type":"article","og_title":"- Mapa Cultural da Rocinha","og_url":"https:\/\/www.falaroca.com\/mapa\/","og_site_name":"Mapa Cultural da Rocinha","article_modified_time":"2022-09-27T09:57:57+00:00","twitter_card":"summary_large_image","twitter_misc":{"Est. tempo de leitura":"1 minuto"},"schema":{"@context":"https:\/\/schema.org","@graph":[{"@type":"WebPage","@id":"https:\/\/www.falaroca.com\/mapa\/","url":"https:\/\/www.falaroca.com\/mapa\/","name":"- Mapa Cultural da Rocinha","isPartOf":{"@id":"https:\/\/www.falaroca.com\/mapa\/#website"},"datePublished":"2022-08-30T05:17:48+00:00","dateModified":"2022-09-27T09:57:57+00:00","inLanguage":"pt-BR","potentialAction":[{"@type":"ReadAction","target":["https:\/\/www.falaroca.com\/mapa\/"]}]},{"@type":"WebSite","@id":"https:\/\/www.falaroca.com\/mapa\/#website","url":"https:\/\/www.falaroca.com\/mapa\/","name":"Mapa Cultural da Rocinha","description":"Mapa Cultural da Rocinha","potentialAction":[{"@type":"SearchAction","target":{"@type":"EntryPoint","urlTemplate":"https:\/\/www.falaroca.com\/mapa\/?s={search_term_string}"},"query-input":{"@type":"PropertyValueSpecification","valueRequired":true,"valueName":"search_term_string"}}],"inLanguage":"pt-BR"}]}},"_links":{"self":[{"href":"https:\/\/www.falaroca.com\/mapa\/wp-json\/wp\/v2\/pages\/1181","targetHints":{"allow":["GET"]}}],"collection":[{"href":"https:\/\/www.falaroca.com\/mapa\/wp-json\/wp\/v2\/pages"}],"about":[{"href":"https:\/\/www.falaroca.com\/mapa\/wp-json\/wp\/v2\/types\/page"}],"author":[{"embeddable":true,"href":"https:\/\/www.falaroca.com\/mapa\/wp-json\/wp\/v2\/users\/1"}],"replies":[{"embeddable":true,"href":"https:\/\/www.falaroca.com\/mapa\/wp-json\/wp\/v2\/comments?post=1181"}],"version-history":[{"count":15,"href":"https:\/\/www.falaroca.com\/mapa\/wp-json\/wp\/v2\/pages\/1181\/revisions"}],"predecessor-version":[{"id":1328,"href":"https:\/\/www.falaroca.com\/mapa\/wp-json\/wp\/v2\/pages\/1181\/revisions\/1328"}],"wp:attachment":[{"href":"https:\/\/www.falaroca.com\/mapa\/wp-json\/wp\/v2\/media?parent=1181"}],"curies":[{"name":"wp","href":"https:\/\/api.w.org\/{rel}","templated":true}]}}