{"id":1191,"date":"2022-08-30T02:32:36","date_gmt":"2022-08-30T05:32:36","guid":{"rendered":"https:\/\/www.falaroca.com\/mapa\/?page_id=1191"},"modified":"2023-01-08T23:04:41","modified_gmt":"2023-01-09T02:04:41","slug":"metodologia","status":"publish","type":"page","link":"https:\/\/www.falaroca.com\/mapa\/metodologia\/","title":{"rendered":"Metodologia"},"content":{"rendered":"\n<p>Uma das finalidades do Mapa Cultural da Rocinha \u00e9 divulgar as iniciativas culturais da favela criadas por moradores, ex-moradores e pessoas que fazem trabalhos sociais.<\/p>\n\n\n\n<p>Devido a densidade e tamanho populacional, a desinforma\u00e7\u00e3o sobre a\u00e7\u00f5es culturais na Rocinha \u00e9 vis\u00edvel. \u00c9 comum ouvirmos perguntas sobre a exist\u00eancia de projetos sociais que possam atender demandas de moradores em que muitos casos s\u00e3o desassistidos de pol\u00edticas sociais e p\u00fablicas. Portanto, o mapa \u00e9 uma ferramenta de reunir essas informa\u00e7\u00f5es e torn\u00e1-las acess\u00edveis.<\/p>\n\n\n\n<p>O projeto de mapeamento se baseia em 6 fases e uma pesquisa de campo com prazo determinado, uma reuni\u00e3o para a revis\u00e3o final e um evento de lan\u00e7amento do mapa como devolutiva \u00e0 comunidade.<\/p>\n\n\n\n<p>O levantamento dos lugares e informa\u00e7\u00f5es a serem colocados no mapa cultural s\u00e3o conduzidos pelos pesquisadores e os moradores\/projetos.<\/p>\n\n\n\n<h4 class=\"wp-block-heading\">A metodologia aplicada<\/h4>\n\n\n\n<p>A concep\u00e7\u00e3o e a produ\u00e7\u00e3o de um mapa variam de acordo com a proposta de mapeamento. O Mapa Cultural da Rocinha levou 1 ano at\u00e9 ser publicado. A seguir, veja as etapas aplicadas:<\/p>\n\n\n\n<p>&#8211; Apresentar a proposta do mapeamento \u00e0 comunidade; explicar os objetivos e convidar a comunidade e projetos culturais; divulgar nas m\u00eddias digitais o que ser\u00e1 feito no territ\u00f3rio; contratar moradores para m\u00e3o de obra remunerada (se poss\u00edvel), oferecendo capacita\u00e7\u00e3o junto a equipe t\u00e9cnica.<\/p>\n\n\n\n<p>&#8211; Compreender as ferramentas e aplicativos utilizados na pesquisa de campo; debater o significado de cultura de acordo com os objetivos pretendidos para com o mapa cultural.<\/p>\n\n\n\n<p>&#8211; Coletar informa\u00e7\u00f5es com os moradores e fazedores culturais das \u00e1reas de pesquisas e incluir os pontos mapeados em uma planilha na web. Os moradores contratados como agentes de mapeamento pode ser estudantes, trabalhadores formais e informais, mulheres, etc.<\/p>\n\n\n\n<p>&#8211; Avaliar os dados coletados na primeira fase de campo; verificar se foram sanadas as d\u00favidas e dificuldades dos pesquisadores.<\/p>\n\n\n\n<p>&#8211; Corrigir, junto aos respons\u00e1veis pelos pontos mapeados, as informa\u00e7\u00f5es j\u00e1 obtidas e coletar as que ainda estejam faltando.<\/p>\n\n\n\n<p>&#8211; Escolher o nome do mapa, identidade visual e construir um site para expor o conte\u00fado coletado na comunidade.<\/p>\n\n\n\n<p>&#8211; Realizar o lan\u00e7amento do mapa em um espa\u00e7o comunit\u00e1rio para com os moradores, parceiros, autoridades, lideran\u00e7as comunit\u00e1rias e demais interessados.<\/p>\n\n\n\n<h4 class=\"wp-block-heading\">Cria\u00e7\u00e3o do mapa na web<\/h4>\n\n\n\n<p>A web de 2023 n\u00e3o \u00e9 a mesma web de 2015. A primeira vers\u00e3o do Mapa Cultural da Rocinha foi feita com ferramentas menos desenvolvidas do que as utilizadas atualmente.<\/p>\n\n\n\n<p>Neste site utilizamos o WordPress, um sistema livre e aberto de gest\u00e3o de conte\u00fado. A partir disso, instalamos o tema gratuito Blocksky, criado e distribu\u00eddo pela empresa Creative Themes.<\/p>\n\n\n\n<p>Mas a m\u00e1gica acontece com a instala\u00e7\u00e3o do WP Go Maps, o plug-in de mapa do WordPress que permite criar mapas simples a avan\u00e7ados e personaliz\u00e1veis sem a necessidade de entender programa\u00e7\u00e3o.<\/p>\n\n\n\n<p>DICA: O plug-in WP Go Maps permite fazer a importa\u00e7\u00e3o de dados armazenados no Google Planilhas.<\/p>\n","protected":false},"excerpt":{"rendered":"<p>Uma das finalidades do Mapa Cultural da Rocinha \u00e9 divulgar as iniciativas culturais da favela criadas por moradores, ex-moradores e pessoas que fazem trabalhos sociais. Devido a densidade e tamanho populacional, a desinforma\u00e7\u00e3o sobre a\u00e7\u00f5es culturais na Rocinha \u00e9 vis\u00edvel. \u00c9 comum ouvirmos perguntas sobre a exist\u00eancia de projetos sociais que possam atender demandas de [&hellip;]<\/p>\n","protected":false},"author":1,"featured_media":0,"parent":0,"menu_order":0,"comment_status":"closed","ping_status":"closed","template":"","meta":{"_themeisle_gutenberg_block_has_review":false,"footnotes":""},"class_list":["post-1191","page","type-page","status-publish","hentry"],"blocksy_meta":{"styles_descriptor":{"styles":{"desktop":"","tablet":"","mobile":""},"google_fonts":[],"version":6},"page_title_panel":"","has_hero_section":"default","cc7ead026476c8d0c9d622b942bf3cd6":"","hero_section":"type-1","hero_elements":[{"id":"custom_title","enabled":true,"heading_tag":"h1","title":"P\u00e1gina inicial"},{"id":"custom_description","enabled":true,"description_visibility":{"desktop":true,"tablet":true,"mobile":false}},{"id":"custom_meta","enabled":false,"meta_elements":[{"id":"author","enabled":true,"label":"Por","has_author_avatar":"yes","avatar_size":25},{"id":"post_date","enabled":true,"label":"Em","date_format_source":"default","date_format":"M j, Y"},{"id":"updated_date","enabled":false,"label":"Em","date_format_source":"default","date_format":"M j, Y"},{"id":"categories","enabled":false,"label":"Em","style":"simple"},{"id":"comments","enabled":true}],"page_meta_elements":{"joined":true,"articles_count":true,"comments":true}},{"id":"breadcrumbs","enabled":false}],"4da96d50c74f696102c427448545865f":"","hero_alignment1":"CT_CSS_SKIP_RULE","hero_margin":40,"hero_alignment2":"center","hero_vertical_alignment":"center","a8254556efac28d49bafb54019c4455a":"","hero_structure":"narrow","58713a0a9194d01eb9a771ad4a1d6dfd":"","page_title_bg_type":"featured_image","custom_hero_background":{"attachment_id":null},"page_title_image_size":"full","parallax":{"desktop":false,"tablet":false,"mobile":false},"a23193769b6dc7030b57f2c073b154c3":"","hero_height":"250px","pageTitleFont":{"family":"Default","variation":"Default","size":"30px","line-height":"CT_CSS_SKIP_RULE","letter-spacing":"CT_CSS_SKIP_RULE","text-transform":"CT_CSS_SKIP_RULE","text-decoration":"CT_CSS_SKIP_RULE"},"pageTitleFontColor":{"default":{"color":"CT_CSS_SKIP_RULEDEFAULT"}},"pageMetaFont":{"family":"Default","variation":"n6","size":"12px","line-height":"1.3","letter-spacing":"CT_CSS_SKIP_RULE","text-transform":"uppercase","text-decoration":"CT_CSS_SKIP_RULE"},"pageMetaFontColor":{"default":{"color":"CT_CSS_SKIP_RULEDEFAULT"},"hover":{"color":"CT_CSS_SKIP_RULEDEFAULT"}},"page_meta_button_type_font_colors":{"default":{"color":"CT_CSS_SKIP_RULEDEFAULT"},"hover":{"color":"CT_CSS_SKIP_RULEDEFAULT"}},"page_meta_button_type_background_colors":{"default":{"color":"CT_CSS_SKIP_RULEDEFAULT"},"hover":{"color":"CT_CSS_SKIP_RULEDEFAULT"}},"pageExcerptFont":{"family":"Default","variation":"Default","size":"CT_CSS_SKIP_RULE","line-height":"CT_CSS_SKIP_RULE","letter-spacing":"CT_CSS_SKIP_RULE","text-transform":"CT_CSS_SKIP_RULE","text-decoration":"CT_CSS_SKIP_RULE"},"pageExcerptColor":{"default":{"color":"CT_CSS_SKIP_RULEDEFAULT"}},"breadcrumbsFont":{"family":"Default","variation":"Default","size":"CT_CSS_SKIP_RULE","line-height":"CT_CSS_SKIP_RULE","letter-spacing":"CT_CSS_SKIP_RULE","text-transform":"CT_CSS_SKIP_RULE","text-decoration":"CT_CSS_SKIP_RULE"},"breadcrumbsFontColor":{"default":{"color":"CT_CSS_SKIP_RULEDEFAULT"},"initial":{"color":"CT_CSS_SKIP_RULEDEFAULT"},"hover":{"color":"CT_CSS_SKIP_RULEDEFAULT"}},"pageTitleOverlay":{"background_type":"color","background_pattern":"type-1","background_image":{"attachment_id":null,"x":0,"y":0},"gradient":"linear-gradient(135deg,rgba(6,147,227,1) 0%,rgb(155,81,224) 100%)","background_repeat":"repeat","background_size":"auto","background_attachment":"scroll","patternColor":{"default":{"color":"#e5e7ea"}},"overlayColor":{"default":{"color":"CT_CSS_SKIP_RULE"}},"backgroundColor":{"default":{"color":"CT_CSS_SKIP_RULE"}}},"pageTitleBackground":{"background_type":"color","background_pattern":"type-1","background_image":{"attachment_id":null,"x":0,"y":0},"gradient":"linear-gradient(135deg,rgba(6,147,227,1) 0%,rgb(155,81,224) 100%)","background_repeat":"repeat","background_size":"auto","background_attachment":"scroll","patternColor":{"default":{"color":"#e5e7ea"}},"overlayColor":{"default":{"color":"CT_CSS_SKIP_RULE"}},"backgroundColor":{"default":{"color":"var(--theme-palette-color-6)"}}},"pageTitlePadding":{"top":"50px","bottom":"50px","left":"auto","right":"auto","linked":true},"3fa77b4afac97f454ab96a1c7203e4a6":"","page_structure_type":"type-3","5d6f641e0ae5b75e11520add7cd5a064":"","content_style_source":"inherit","content_style":"wide","vertical_spacing_source":"inherit","content_area_spacing":"both","background":{"background_type":"color","background_pattern":"type-1","background_image":{"attachment_id":null,"x":0,"y":0},"gradient":"linear-gradient(135deg,rgba(6,147,227,1) 0%,rgb(155,81,224) 100%)","background_repeat":"repeat","background_size":"auto","background_attachment":"scroll","patternColor":{"default":{"color":"#e5e7ea"}},"overlayColor":{"default":{"color":"CT_CSS_SKIP_RULE"}},"backgroundColor":{"default":{"color":"CT_CSS_SKIP_RULE"}}},"content_background":{"background_type":"color","background_pattern":"type-1","background_image":{"attachment_id":null,"x":0,"y":0},"gradient":"linear-gradient(135deg,rgba(6,147,227,1) 0%,rgb(155,81,224) 100%)","background_repeat":"repeat","background_size":"auto","background_attachment":"scroll","patternColor":{"default":{"color":"#e5e7ea"}},"overlayColor":{"default":{"color":"CT_CSS_SKIP_RULE"}},"backgroundColor":{"default":{"color":"var(--theme-palette-color-8)"}}},"content_boxed_shadow":{"inherit":false,"blur":18,"spread":-6,"v_offset":12,"h_offset":0,"inset":false,"enable":true,"color":{"color":"rgba(34, 56, 101, 0.04)"}},"content_boxed_border":{"width":1,"style":"none","color":{"color":"rgba(44,62,80,0.2)"}},"content_boxed_radius":{"top":"3px","bottom":"3px","left":"3px","right":"3px","linked":true},"boxed_content_spacing":{"desktop":{"top":"40px","bottom":"40px","left":"40px","right":"40px","linked":true},"tablet":{"top":"35px","bottom":"35px","left":"35px","right":"35px","linked":true},"mobile":{"top":"20px","bottom":"20px","left":"20px","right":"20px","linked":true}},"fe4784e4c872d6eba44812045cb6c829":"","disable_featured_image":"no","disable_share_box":"no","disable_header":"no","disable_footer":"no"},"yoast_head":"<!-- This site is optimized with the Yoast SEO plugin v25.2 - https:\/\/yoast.com\/wordpress\/plugins\/seo\/ -->\n<title>Metodologia - Mapa Cultural da Rocinha<\/title>\n<meta name=\"robots\" content=\"index, follow, max-snippet:-1, max-image-preview:large, max-video-preview:-1\" \/>\n<link rel=\"canonical\" href=\"https:\/\/www.falaroca.com\/mapa\/metodologia\/\" \/>\n<meta property=\"og:locale\" content=\"pt_BR\" \/>\n<meta property=\"og:type\" content=\"article\" \/>\n<meta property=\"og:title\" content=\"Metodologia - Mapa Cultural da Rocinha\" \/>\n<meta property=\"og:description\" content=\"Uma das finalidades do Mapa Cultural da Rocinha \u00e9 divulgar as iniciativas culturais da favela criadas por moradores, ex-moradores e pessoas que fazem trabalhos sociais. Devido a densidade e tamanho populacional, a desinforma\u00e7\u00e3o sobre a\u00e7\u00f5es culturais na Rocinha \u00e9 vis\u00edvel. \u00c9 comum ouvirmos perguntas sobre a exist\u00eancia de projetos sociais que possam atender demandas de [&hellip;]\" \/>\n<meta property=\"og:url\" content=\"https:\/\/www.falaroca.com\/mapa\/metodologia\/\" \/>\n<meta property=\"og:site_name\" content=\"Mapa Cultural da Rocinha\" \/>\n<meta property=\"article:modified_time\" content=\"2023-01-09T02:04:41+00:00\" \/>\n<meta name=\"twitter:card\" content=\"summary_large_image\" \/>\n<meta name=\"twitter:label1\" content=\"Est. tempo de leitura\" \/>\n\t<meta name=\"twitter:data1\" content=\"3 minutos\" \/>\n<script type=\"application\/ld+json\" class=\"yoast-schema-graph\">{\"@context\":\"https:\/\/schema.org\",\"@graph\":[{\"@type\":\"WebPage\",\"@id\":\"https:\/\/www.falaroca.com\/mapa\/metodologia\/\",\"url\":\"https:\/\/www.falaroca.com\/mapa\/metodologia\/\",\"name\":\"Metodologia - Mapa Cultural da Rocinha\",\"isPartOf\":{\"@id\":\"https:\/\/www.falaroca.com\/mapa\/#website\"},\"datePublished\":\"2022-08-30T05:32:36+00:00\",\"dateModified\":\"2023-01-09T02:04:41+00:00\",\"breadcrumb\":{\"@id\":\"https:\/\/www.falaroca.com\/mapa\/metodologia\/#breadcrumb\"},\"inLanguage\":\"pt-BR\",\"potentialAction\":[{\"@type\":\"ReadAction\",\"target\":[\"https:\/\/www.falaroca.com\/mapa\/metodologia\/\"]}]},{\"@type\":\"BreadcrumbList\",\"@id\":\"https:\/\/www.falaroca.com\/mapa\/metodologia\/#breadcrumb\",\"itemListElement\":[{\"@type\":\"ListItem\",\"position\":1,\"name\":\"In\u00edcio\",\"item\":\"https:\/\/www.falaroca.com\/mapa\/\"},{\"@type\":\"ListItem\",\"position\":2,\"name\":\"Metodologia\"}]},{\"@type\":\"WebSite\",\"@id\":\"https:\/\/www.falaroca.com\/mapa\/#website\",\"url\":\"https:\/\/www.falaroca.com\/mapa\/\",\"name\":\"Mapa Cultural da Rocinha\",\"description\":\"Mapa Cultural da Rocinha\",\"potentialAction\":[{\"@type\":\"SearchAction\",\"target\":{\"@type\":\"EntryPoint\",\"urlTemplate\":\"https:\/\/www.falaroca.com\/mapa\/?s={search_term_string}\"},\"query-input\":{\"@type\":\"PropertyValueSpecification\",\"valueRequired\":true,\"valueName\":\"search_term_string\"}}],\"inLanguage\":\"pt-BR\"}]}<\/script>\n<!-- \/ Yoast SEO plugin. -->","yoast_head_json":{"title":"Metodologia - Mapa Cultural da Rocinha","robots":{"index":"index","follow":"follow","max-snippet":"max-snippet:-1","max-image-preview":"max-image-preview:large","max-video-preview":"max-video-preview:-1"},"canonical":"https:\/\/www.falaroca.com\/mapa\/metodologia\/","og_locale":"pt_BR","og_type":"article","og_title":"Metodologia - Mapa Cultural da Rocinha","og_description":"Uma das finalidades do Mapa Cultural da Rocinha \u00e9 divulgar as iniciativas culturais da favela criadas por moradores, ex-moradores e pessoas que fazem trabalhos sociais. Devido a densidade e tamanho populacional, a desinforma\u00e7\u00e3o sobre a\u00e7\u00f5es culturais na Rocinha \u00e9 vis\u00edvel. \u00c9 comum ouvirmos perguntas sobre a exist\u00eancia de projetos sociais que possam atender demandas de [&hellip;]","og_url":"https:\/\/www.falaroca.com\/mapa\/metodologia\/","og_site_name":"Mapa Cultural da Rocinha","article_modified_time":"2023-01-09T02:04:41+00:00","twitter_card":"summary_large_image","twitter_misc":{"Est. tempo de leitura":"3 minutos"},"schema":{"@context":"https:\/\/schema.org","@graph":[{"@type":"WebPage","@id":"https:\/\/www.falaroca.com\/mapa\/metodologia\/","url":"https:\/\/www.falaroca.com\/mapa\/metodologia\/","name":"Metodologia - Mapa Cultural da Rocinha","isPartOf":{"@id":"https:\/\/www.falaroca.com\/mapa\/#website"},"datePublished":"2022-08-30T05:32:36+00:00","dateModified":"2023-01-09T02:04:41+00:00","breadcrumb":{"@id":"https:\/\/www.falaroca.com\/mapa\/metodologia\/#breadcrumb"},"inLanguage":"pt-BR","potentialAction":[{"@type":"ReadAction","target":["https:\/\/www.falaroca.com\/mapa\/metodologia\/"]}]},{"@type":"BreadcrumbList","@id":"https:\/\/www.falaroca.com\/mapa\/metodologia\/#breadcrumb","itemListElement":[{"@type":"ListItem","position":1,"name":"In\u00edcio","item":"https:\/\/www.falaroca.com\/mapa\/"},{"@type":"ListItem","position":2,"name":"Metodologia"}]},{"@type":"WebSite","@id":"https:\/\/www.falaroca.com\/mapa\/#website","url":"https:\/\/www.falaroca.com\/mapa\/","name":"Mapa Cultural da Rocinha","description":"Mapa Cultural da Rocinha","potentialAction":[{"@type":"SearchAction","target":{"@type":"EntryPoint","urlTemplate":"https:\/\/www.falaroca.com\/mapa\/?s={search_term_string}"},"query-input":{"@type":"PropertyValueSpecification","valueRequired":true,"valueName":"search_term_string"}}],"inLanguage":"pt-BR"}]}},"_links":{"self":[{"href":"https:\/\/www.falaroca.com\/mapa\/wp-json\/wp\/v2\/pages\/1191","targetHints":{"allow":["GET"]}}],"collection":[{"href":"https:\/\/www.falaroca.com\/mapa\/wp-json\/wp\/v2\/pages"}],"about":[{"href":"https:\/\/www.falaroca.com\/mapa\/wp-json\/wp\/v2\/types\/page"}],"author":[{"embeddable":true,"href":"https:\/\/www.falaroca.com\/mapa\/wp-json\/wp\/v2\/users\/1"}],"replies":[{"embeddable":true,"href":"https:\/\/www.falaroca.com\/mapa\/wp-json\/wp\/v2\/comments?post=1191"}],"version-history":[{"count":7,"href":"https:\/\/www.falaroca.com\/mapa\/wp-json\/wp\/v2\/pages\/1191\/revisions"}],"predecessor-version":[{"id":1387,"href":"https:\/\/www.falaroca.com\/mapa\/wp-json\/wp\/v2\/pages\/1191\/revisions\/1387"}],"wp:attachment":[{"href":"https:\/\/www.falaroca.com\/mapa\/wp-json\/wp\/v2\/media?parent=1191"}],"curies":[{"name":"wp","href":"https:\/\/api.w.org\/{rel}","templated":true}]}}