{"id":1214,"date":"2022-08-30T03:13:29","date_gmt":"2022-08-30T06:13:29","guid":{"rendered":"https:\/\/www.falaroca.com\/mapa\/?page_id=1214"},"modified":"2023-01-14T03:25:06","modified_gmt":"2023-01-14T06:25:06","slug":"politica-de-privacidade","status":"publish","type":"page","link":"https:\/\/www.falaroca.com\/mapa\/politica-de-privacidade\/","title":{"rendered":"Pol\u00edtica de Privacidade"},"content":{"rendered":"\n<p>O Mapa Cultural da Rocinha \u00e9 um site gratuito e colaborativo de mapeamento do Fala Ro\u00e7a sobre o cen\u00e1rio cultural da favela da Rocinha, no Rio de Janeiro.<\/p>\n\n\n\n<p>O Fala Ro\u00e7a tem a faculdade de dar por terminada, suspensa ou interrompida unilateralmente, a qualquer momento e sem comunicado pr\u00e9vio, a veicula\u00e7\u00e3o do Mapa Cultural da Rocinha.<\/p>\n\n\n\n<p><strong>Deveres do usu\u00e1rio do Mapa Cultural da Rocinha<\/strong><\/p>\n\n\n\n<p>Todas as informa\u00e7\u00f5es enviadas por quaisquer usu\u00e1rios s\u00e3o verificadas pela equipe t\u00e9cnica do site para a confirma\u00e7\u00e3o de veracidade. O fornecimento de informa\u00e7\u00e3o falsa poder\u00e1 causar resultados inexatos e indesejados em rela\u00e7\u00e3o ao mapa, prejudicando a qualidade das informa\u00e7\u00f5es disponibilizadas.<\/p>\n\n\n\n<p><strong>Direitos do usu\u00e1rio do Mapa Cultural da Rocinha e responsabilidades de seus administradores<\/strong><\/p>\n\n\n\n<p>O Fala Ro\u00e7a \u00e9 respons\u00e1vel pela seguran\u00e7a das informa\u00e7\u00f5es coletadas, armazenadas e processadas pelo Mapa Cultural da Rocinha.<\/p>\n\n\n\n<p>N\u00e3o h\u00e1 cadastramento de usu\u00e1rios no site do Mapa Cultural da Rocinha, portanto, o Fala Ro\u00e7a s\u00f3 armazena informa\u00e7\u00f5es pessoais como o nome e o endere\u00e7o de e-mail que \u00e9 solicitado no formul\u00e1rio de cadastramento da iniciativa cultural pelo link <a href=\"https:\/\/www.falaroca.com\/mapa\/colabore\/\">https:\/\/www.falaroca.com\/mapa\/colabore\/<\/a><\/p>\n\n\n\n<p>O Fala Ro\u00e7a utilizar\u00e1 as medidas adequadas, de acordo com o estado da tecnologia, para garantir a seguran\u00e7a e integridade das informa\u00e7\u00f5es pessoais sob sua cust\u00f3dia e evitar qualquer modalidade de acesso indevido.<\/p>\n\n\n\n<p>O acesso \u00e0s informa\u00e7\u00f5es pessoais dos usu\u00e1rios n\u00e3o poder\u00e1 ser comercializado e somente poder\u00e1 ser efetuado pela coordena\u00e7\u00e3o do Fala Ro\u00e7a ou por ordem judicial.<\/p>\n\n\n\n<p>Com o intuito de assegurar a liberdade de express\u00e3o e impedir a censura, o Fala Ro\u00e7a segue os princ\u00edpios e garantias do Marco Civil da Internet, Lei n\u00ba 12.965, de 23 de abril de 2014.<\/p>\n\n\n\n<p>O Fala Ro\u00e7a poder\u00e1 suspender a veicula\u00e7\u00e3o de informa\u00e7\u00f5es e\/ou dados por fundado receio referente \u00e0 ilegalidade ou uso indevido de direitos de terceiros.<\/p>\n\n\n\n<p><strong>Altera\u00e7\u00e3o dos termos da Pol\u00edtica de Privacidade<\/strong><\/p>\n\n\n\n<p>As condi\u00e7\u00f5es especificadas nestes termos da Pol\u00edtica de Privacidade poder\u00e3o ser modificadas a qualquer momento.<\/p>\n\n\n\n<p><em>\u00daltima modifica\u00e7\u00e3o em 10\/01\/2022, \u00e0s 17:00:00<\/em><\/p>\n","protected":false},"excerpt":{"rendered":"<p>O Mapa Cultural da Rocinha \u00e9 um site gratuito e colaborativo de mapeamento do Fala Ro\u00e7a sobre o cen\u00e1rio cultural da favela da Rocinha, no Rio de Janeiro. O Fala Ro\u00e7a tem a faculdade de dar por terminada, suspensa ou interrompida unilateralmente, a qualquer momento e sem comunicado pr\u00e9vio, a veicula\u00e7\u00e3o do Mapa Cultural da [&hellip;]<\/p>\n","protected":false},"author":1,"featured_media":0,"parent":0,"menu_order":0,"comment_status":"closed","ping_status":"closed","template":"","meta":{"_themeisle_gutenberg_block_has_review":false,"footnotes":""},"class_list":["post-1214","page","type-page","status-publish","hentry"],"blocksy_meta":{"styles_descriptor":{"styles":{"desktop":"","tablet":"","mobile":""},"google_fonts":[],"version":6},"page_title_panel":"","has_hero_section":"default","78ab0d82fd62bb8297de76bf62252b96":"","hero_section":"type-1","hero_elements":[{"id":"custom_title","enabled":true,"heading_tag":"h1","title":"P\u00e1gina inicial"},{"id":"custom_description","enabled":true,"description_visibility":{"desktop":true,"tablet":true,"mobile":false}},{"id":"custom_meta","enabled":false,"meta_elements":[{"id":"author","enabled":true,"label":"Por","has_author_avatar":"yes","avatar_size":25},{"id":"post_date","enabled":true,"label":"Em","date_format_source":"default","date_format":"M j, Y"},{"id":"updated_date","enabled":false,"label":"Em","date_format_source":"default","date_format":"M j, Y"},{"id":"categories","enabled":false,"label":"Em","style":"simple"},{"id":"comments","enabled":true}],"page_meta_elements":{"joined":true,"articles_count":true,"comments":true}},{"id":"breadcrumbs","enabled":false}],"775b19b85f2054caace75a1e0be9d762":"","hero_alignment1":"CT_CSS_SKIP_RULE","hero_margin":40,"hero_alignment2":"center","hero_vertical_alignment":"center","bc036f3dc907850fe9f4481af6775052":"","hero_structure":"narrow","5c0896f8746c2454f5b340effe59ddcf":"","page_title_bg_type":"featured_image","custom_hero_background":{"attachment_id":null},"page_title_image_size":"full","parallax":{"desktop":false,"tablet":false,"mobile":false},"f2c525dafc20da019757b7e2154e61dc":"","hero_height":"250px","pageTitleFont":{"family":"Default","variation":"Default","size":"30px","line-height":"CT_CSS_SKIP_RULE","letter-spacing":"CT_CSS_SKIP_RULE","text-transform":"CT_CSS_SKIP_RULE","text-decoration":"CT_CSS_SKIP_RULE"},"pageTitleFontColor":{"default":{"color":"CT_CSS_SKIP_RULEDEFAULT"}},"pageMetaFont":{"family":"Default","variation":"n6","size":"12px","line-height":"1.3","letter-spacing":"CT_CSS_SKIP_RULE","text-transform":"uppercase","text-decoration":"CT_CSS_SKIP_RULE"},"pageMetaFontColor":{"default":{"color":"CT_CSS_SKIP_RULEDEFAULT"},"hover":{"color":"CT_CSS_SKIP_RULEDEFAULT"}},"page_meta_button_type_font_colors":{"default":{"color":"CT_CSS_SKIP_RULEDEFAULT"},"hover":{"color":"CT_CSS_SKIP_RULEDEFAULT"}},"page_meta_button_type_background_colors":{"default":{"color":"CT_CSS_SKIP_RULEDEFAULT"},"hover":{"color":"CT_CSS_SKIP_RULEDEFAULT"}},"pageExcerptFont":{"family":"Default","variation":"Default","size":"CT_CSS_SKIP_RULE","line-height":"CT_CSS_SKIP_RULE","letter-spacing":"CT_CSS_SKIP_RULE","text-transform":"CT_CSS_SKIP_RULE","text-decoration":"CT_CSS_SKIP_RULE"},"pageExcerptColor":{"default":{"color":"CT_CSS_SKIP_RULEDEFAULT"}},"breadcrumbsFont":{"family":"Default","variation":"Default","size":"CT_CSS_SKIP_RULE","line-height":"CT_CSS_SKIP_RULE","letter-spacing":"CT_CSS_SKIP_RULE","text-transform":"CT_CSS_SKIP_RULE","text-decoration":"CT_CSS_SKIP_RULE"},"breadcrumbsFontColor":{"default":{"color":"CT_CSS_SKIP_RULEDEFAULT"},"initial":{"color":"CT_CSS_SKIP_RULEDEFAULT"},"hover":{"color":"CT_CSS_SKIP_RULEDEFAULT"}},"pageTitleOverlay":{"background_type":"color","background_pattern":"type-1","background_image":{"attachment_id":null,"x":0,"y":0},"gradient":"linear-gradient(135deg,rgba(6,147,227,1) 0%,rgb(155,81,224) 100%)","background_repeat":"repeat","background_size":"auto","background_attachment":"scroll","patternColor":{"default":{"color":"#e5e7ea"}},"overlayColor":{"default":{"color":"CT_CSS_SKIP_RULE"}},"backgroundColor":{"default":{"color":"CT_CSS_SKIP_RULE"}}},"pageTitleBackground":{"background_type":"color","background_pattern":"type-1","background_image":{"attachment_id":null,"x":0,"y":0},"gradient":"linear-gradient(135deg,rgba(6,147,227,1) 0%,rgb(155,81,224) 100%)","background_repeat":"repeat","background_size":"auto","background_attachment":"scroll","patternColor":{"default":{"color":"#e5e7ea"}},"overlayColor":{"default":{"color":"CT_CSS_SKIP_RULE"}},"backgroundColor":{"default":{"color":"var(--theme-palette-color-6)"}}},"pageTitlePadding":{"top":"50px","bottom":"50px","left":"auto","right":"auto","linked":true},"746a6b5ceb94b0279dfa0312b536950d":"","page_structure_type":"type-3","6899892f632155f7b7585ea3f2581bd8":"","content_style_source":"inherit","content_style":"wide","vertical_spacing_source":"inherit","content_area_spacing":"both","background":{"background_type":"color","background_pattern":"type-1","background_image":{"attachment_id":null,"x":0,"y":0},"gradient":"linear-gradient(135deg,rgba(6,147,227,1) 0%,rgb(155,81,224) 100%)","background_repeat":"repeat","background_size":"auto","background_attachment":"scroll","patternColor":{"default":{"color":"#e5e7ea"}},"overlayColor":{"default":{"color":"CT_CSS_SKIP_RULE"}},"backgroundColor":{"default":{"color":"CT_CSS_SKIP_RULE"}}},"content_background":{"background_type":"color","background_pattern":"type-1","background_image":{"attachment_id":null,"x":0,"y":0},"gradient":"linear-gradient(135deg,rgba(6,147,227,1) 0%,rgb(155,81,224) 100%)","background_repeat":"repeat","background_size":"auto","background_attachment":"scroll","patternColor":{"default":{"color":"#e5e7ea"}},"overlayColor":{"default":{"color":"CT_CSS_SKIP_RULE"}},"backgroundColor":{"default":{"color":"var(--theme-palette-color-8)"}}},"content_boxed_shadow":{"inherit":false,"blur":18,"spread":-6,"v_offset":12,"h_offset":0,"inset":false,"enable":true,"color":{"color":"rgba(34, 56, 101, 0.04)"}},"content_boxed_border":{"width":1,"style":"none","color":{"color":"rgba(44,62,80,0.2)"}},"content_boxed_radius":{"top":"3px","bottom":"3px","left":"3px","right":"3px","linked":true},"boxed_content_spacing":{"desktop":{"top":"40px","bottom":"40px","left":"40px","right":"40px","linked":true},"tablet":{"top":"35px","bottom":"35px","left":"35px","right":"35px","linked":true},"mobile":{"top":"20px","bottom":"20px","left":"20px","right":"20px","linked":true}},"a52a9c9b61a036f04f282a330884921d":"","disable_featured_image":"no","disable_share_box":"no","disable_header":"no","disable_footer":"no"},"yoast_head":"<!-- This site is optimized with the Yoast SEO plugin v25.2 - https:\/\/yoast.com\/wordpress\/plugins\/seo\/ -->\n<title>Pol\u00edtica de Privacidade - Mapa Cultural da Rocinha<\/title>\n<meta name=\"robots\" content=\"index, follow, max-snippet:-1, max-image-preview:large, max-video-preview:-1\" \/>\n<link rel=\"canonical\" href=\"https:\/\/www.falaroca.com\/mapa\/politica-de-privacidade\/\" \/>\n<meta property=\"og:locale\" content=\"pt_BR\" \/>\n<meta property=\"og:type\" content=\"article\" \/>\n<meta property=\"og:title\" content=\"Pol\u00edtica de Privacidade - Mapa Cultural da Rocinha\" \/>\n<meta property=\"og:description\" content=\"O Mapa Cultural da Rocinha \u00e9 um site gratuito e colaborativo de mapeamento do Fala Ro\u00e7a sobre o cen\u00e1rio cultural da favela da Rocinha, no Rio de Janeiro. O Fala Ro\u00e7a tem a faculdade de dar por terminada, suspensa ou interrompida unilateralmente, a qualquer momento e sem comunicado pr\u00e9vio, a veicula\u00e7\u00e3o do Mapa Cultural da [&hellip;]\" \/>\n<meta property=\"og:url\" content=\"https:\/\/www.falaroca.com\/mapa\/politica-de-privacidade\/\" \/>\n<meta property=\"og:site_name\" content=\"Mapa Cultural da Rocinha\" \/>\n<meta property=\"article:modified_time\" content=\"2023-01-14T06:25:06+00:00\" \/>\n<meta name=\"twitter:card\" content=\"summary_large_image\" \/>\n<meta name=\"twitter:label1\" content=\"Est. tempo de leitura\" \/>\n\t<meta name=\"twitter:data1\" content=\"2 minutos\" \/>\n<script type=\"application\/ld+json\" class=\"yoast-schema-graph\">{\"@context\":\"https:\/\/schema.org\",\"@graph\":[{\"@type\":\"WebPage\",\"@id\":\"https:\/\/www.falaroca.com\/mapa\/politica-de-privacidade\/\",\"url\":\"https:\/\/www.falaroca.com\/mapa\/politica-de-privacidade\/\",\"name\":\"Pol\u00edtica de Privacidade - Mapa Cultural da Rocinha\",\"isPartOf\":{\"@id\":\"https:\/\/www.falaroca.com\/mapa\/#website\"},\"datePublished\":\"2022-08-30T06:13:29+00:00\",\"dateModified\":\"2023-01-14T06:25:06+00:00\",\"breadcrumb\":{\"@id\":\"https:\/\/www.falaroca.com\/mapa\/politica-de-privacidade\/#breadcrumb\"},\"inLanguage\":\"pt-BR\",\"potentialAction\":[{\"@type\":\"ReadAction\",\"target\":[\"https:\/\/www.falaroca.com\/mapa\/politica-de-privacidade\/\"]}]},{\"@type\":\"BreadcrumbList\",\"@id\":\"https:\/\/www.falaroca.com\/mapa\/politica-de-privacidade\/#breadcrumb\",\"itemListElement\":[{\"@type\":\"ListItem\",\"position\":1,\"name\":\"In\u00edcio\",\"item\":\"https:\/\/www.falaroca.com\/mapa\/\"},{\"@type\":\"ListItem\",\"position\":2,\"name\":\"Pol\u00edtica de Privacidade\"}]},{\"@type\":\"WebSite\",\"@id\":\"https:\/\/www.falaroca.com\/mapa\/#website\",\"url\":\"https:\/\/www.falaroca.com\/mapa\/\",\"name\":\"Mapa Cultural da Rocinha\",\"description\":\"Mapa Cultural da Rocinha\",\"potentialAction\":[{\"@type\":\"SearchAction\",\"target\":{\"@type\":\"EntryPoint\",\"urlTemplate\":\"https:\/\/www.falaroca.com\/mapa\/?s={search_term_string}\"},\"query-input\":{\"@type\":\"PropertyValueSpecification\",\"valueRequired\":true,\"valueName\":\"search_term_string\"}}],\"inLanguage\":\"pt-BR\"}]}<\/script>\n<!-- \/ Yoast SEO plugin. -->","yoast_head_json":{"title":"Pol\u00edtica de Privacidade - Mapa Cultural da Rocinha","robots":{"index":"index","follow":"follow","max-snippet":"max-snippet:-1","max-image-preview":"max-image-preview:large","max-video-preview":"max-video-preview:-1"},"canonical":"https:\/\/www.falaroca.com\/mapa\/politica-de-privacidade\/","og_locale":"pt_BR","og_type":"article","og_title":"Pol\u00edtica de Privacidade - Mapa Cultural da Rocinha","og_description":"O Mapa Cultural da Rocinha \u00e9 um site gratuito e colaborativo de mapeamento do Fala Ro\u00e7a sobre o cen\u00e1rio cultural da favela da Rocinha, no Rio de Janeiro. O Fala Ro\u00e7a tem a faculdade de dar por terminada, suspensa ou interrompida unilateralmente, a qualquer momento e sem comunicado pr\u00e9vio, a veicula\u00e7\u00e3o do Mapa Cultural da [&hellip;]","og_url":"https:\/\/www.falaroca.com\/mapa\/politica-de-privacidade\/","og_site_name":"Mapa Cultural da Rocinha","article_modified_time":"2023-01-14T06:25:06+00:00","twitter_card":"summary_large_image","twitter_misc":{"Est. tempo de leitura":"2 minutos"},"schema":{"@context":"https:\/\/schema.org","@graph":[{"@type":"WebPage","@id":"https:\/\/www.falaroca.com\/mapa\/politica-de-privacidade\/","url":"https:\/\/www.falaroca.com\/mapa\/politica-de-privacidade\/","name":"Pol\u00edtica de Privacidade - Mapa Cultural da Rocinha","isPartOf":{"@id":"https:\/\/www.falaroca.com\/mapa\/#website"},"datePublished":"2022-08-30T06:13:29+00:00","dateModified":"2023-01-14T06:25:06+00:00","breadcrumb":{"@id":"https:\/\/www.falaroca.com\/mapa\/politica-de-privacidade\/#breadcrumb"},"inLanguage":"pt-BR","potentialAction":[{"@type":"ReadAction","target":["https:\/\/www.falaroca.com\/mapa\/politica-de-privacidade\/"]}]},{"@type":"BreadcrumbList","@id":"https:\/\/www.falaroca.com\/mapa\/politica-de-privacidade\/#breadcrumb","itemListElement":[{"@type":"ListItem","position":1,"name":"In\u00edcio","item":"https:\/\/www.falaroca.com\/mapa\/"},{"@type":"ListItem","position":2,"name":"Pol\u00edtica de Privacidade"}]},{"@type":"WebSite","@id":"https:\/\/www.falaroca.com\/mapa\/#website","url":"https:\/\/www.falaroca.com\/mapa\/","name":"Mapa Cultural da Rocinha","description":"Mapa Cultural da Rocinha","potentialAction":[{"@type":"SearchAction","target":{"@type":"EntryPoint","urlTemplate":"https:\/\/www.falaroca.com\/mapa\/?s={search_term_string}"},"query-input":{"@type":"PropertyValueSpecification","valueRequired":true,"valueName":"search_term_string"}}],"inLanguage":"pt-BR"}]}},"_links":{"self":[{"href":"https:\/\/www.falaroca.com\/mapa\/wp-json\/wp\/v2\/pages\/1214","targetHints":{"allow":["GET"]}}],"collection":[{"href":"https:\/\/www.falaroca.com\/mapa\/wp-json\/wp\/v2\/pages"}],"about":[{"href":"https:\/\/www.falaroca.com\/mapa\/wp-json\/wp\/v2\/types\/page"}],"author":[{"embeddable":true,"href":"https:\/\/www.falaroca.com\/mapa\/wp-json\/wp\/v2\/users\/1"}],"replies":[{"embeddable":true,"href":"https:\/\/www.falaroca.com\/mapa\/wp-json\/wp\/v2\/comments?post=1214"}],"version-history":[{"count":4,"href":"https:\/\/www.falaroca.com\/mapa\/wp-json\/wp\/v2\/pages\/1214\/revisions"}],"predecessor-version":[{"id":1409,"href":"https:\/\/www.falaroca.com\/mapa\/wp-json\/wp\/v2\/pages\/1214\/revisions\/1409"}],"wp:attachment":[{"href":"https:\/\/www.falaroca.com\/mapa\/wp-json\/wp\/v2\/media?parent=1214"}],"curies":[{"name":"wp","href":"https:\/\/api.w.org\/{rel}","templated":true}]}}