{"id":326,"date":"2016-01-04T22:59:19","date_gmt":"2016-01-05T01:59:19","guid":{"rendered":"http:\/\/www.falaroca.com\/mapa\/?page_id=326"},"modified":"2023-01-07T19:08:54","modified_gmt":"2023-01-07T22:08:54","slug":"o-mapa","status":"publish","type":"page","link":"https:\/\/www.falaroca.com\/mapa\/o-mapa\/","title":{"rendered":"O Mapa"},"content":{"rendered":"\n<p>Mapa Cultural da Rocinha \u00e9 um projeto desenvolvido pelo Fala Ro\u00e7a, com o objetivo de mostrar as iniciativas culturais que existem na Rocinha.<\/p>\n\n\n\n<p>Somente no Rio de Janeiro existem mais de mil favelas. Nos \u00faltimos anos, o termo &#8220;favela&#8221; sofreu remo\u00e7\u00f5es dos mapas digitais e virou zonas de riscos para aplicativos. No momento em que a favela \u00e9 censurada dos mapas da cidade, essa atitude alimenta o estigma de cidade partida. E n\u00e3o \u00e9 isso que queremos. Favela \u00e9 cidade.<\/p>\n\n\n\n<p>A primeira vers\u00e3o do mapa foi criada em 2015 e identificou mais de 100 locais onde ocorriam manifesta\u00e7\u00f5es culturais, al\u00e9m de organiza\u00e7\u00f5es socias, quadras esportivas e pontos not\u00e1veis da favela.<\/p>\n\n\n\n<p>Em 2021, o Fala Ro\u00e7a obteve financiamento da Prefeitura do Rio por meio do programa de Fomento \u00e0 Cultura Carioca (FOCA), da Secretaria Municipal de Cultura, para refazer o Mapa Cultural da Rocinha. Com a m\u00e3o de obra dos moradores, mais de 150 iniciativas culturais foram identificadas reafirmando o potencial cultural e de economia criativa da Rocinha.<\/p>\n\n\n\n<p>Este site est\u00e1 aberto \u00e0 participa\u00e7\u00e3o dos moradores de r\u00e1pida e simples. Localizar um endere\u00e7o na Rocinha \u00e9 uma tarefa dif\u00edcil, por\u00e9m com a ajuda de aplicativos voc\u00ea consegue localizar as coordenadas do ponto que deseja inserir no mapa. <a href=\"https:\/\/www.falaroca.com\/mapa\/colabore\/\">Clique aqui<\/a> e cadastre uma iniciativa cultural.<\/p>\n","protected":false},"excerpt":{"rendered":"<p>Mapa Cultural da Rocinha \u00e9 um projeto desenvolvido pelo Fala Ro\u00e7a, com o objetivo de mostrar as iniciativas culturais que existem na Rocinha. Somente no Rio de Janeiro existem mais de mil favelas. Nos \u00faltimos anos, o termo &#8220;favela&#8221; sofreu remo\u00e7\u00f5es dos mapas digitais e virou zonas de riscos para aplicativos. No momento em que [&hellip;]<\/p>\n","protected":false},"author":1,"featured_media":541,"parent":0,"menu_order":0,"comment_status":"closed","ping_status":"closed","template":"","meta":{"_themeisle_gutenberg_block_has_review":false,"footnotes":""},"class_list":["post-326","page","type-page","status-publish","has-post-thumbnail","hentry"],"blocksy_meta":{"styles_descriptor":{"styles":{"desktop":"","tablet":"","mobile":""},"google_fonts":[],"version":6},"page_title_panel":"","has_hero_section":"default","77fdea0af339fc50891d4a76a0a699ff":"","hero_section":"type-1","hero_elements":[{"id":"custom_title","enabled":true,"heading_tag":"h1","title":"P\u00e1gina inicial"},{"id":"custom_description","enabled":true,"description_visibility":{"desktop":true,"tablet":true,"mobile":false}},{"id":"custom_meta","enabled":false,"meta_elements":[{"id":"author","enabled":true,"label":"Por","has_author_avatar":"yes","avatar_size":25},{"id":"post_date","enabled":true,"label":"Em","date_format_source":"default","date_format":"M j, Y"},{"id":"updated_date","enabled":false,"label":"Em","date_format_source":"default","date_format":"M j, Y"},{"id":"categories","enabled":false,"label":"Em","style":"simple"},{"id":"comments","enabled":true}],"page_meta_elements":{"joined":true,"articles_count":true,"comments":true}},{"id":"breadcrumbs","enabled":false}],"7c1cd828a5132054d5b57d05f7419162":"","hero_alignment1":"CT_CSS_SKIP_RULE","hero_margin":40,"hero_alignment2":"center","hero_vertical_alignment":"center","42dc2a54b74fc45cd6ddef456a900865":"","hero_structure":"narrow","0ea7f79dad4614ce897b76cd4576a228":"","page_title_bg_type":"featured_image","custom_hero_background":{"attachment_id":null},"page_title_image_size":"full","parallax":{"desktop":false,"tablet":false,"mobile":false},"a85180112a0914c5cb9df1fdd639099e":"","hero_height":"250px","pageTitleFont":{"family":"Default","variation":"Default","size":"30px","line-height":"CT_CSS_SKIP_RULE","letter-spacing":"CT_CSS_SKIP_RULE","text-transform":"CT_CSS_SKIP_RULE","text-decoration":"CT_CSS_SKIP_RULE"},"pageTitleFontColor":{"default":{"color":"CT_CSS_SKIP_RULEDEFAULT"}},"pageMetaFont":{"family":"Default","variation":"n6","size":"12px","line-height":"1.3","letter-spacing":"CT_CSS_SKIP_RULE","text-transform":"uppercase","text-decoration":"CT_CSS_SKIP_RULE"},"pageMetaFontColor":{"default":{"color":"CT_CSS_SKIP_RULEDEFAULT"},"hover":{"color":"CT_CSS_SKIP_RULEDEFAULT"}},"page_meta_button_type_font_colors":{"default":{"color":"CT_CSS_SKIP_RULEDEFAULT"},"hover":{"color":"CT_CSS_SKIP_RULEDEFAULT"}},"page_meta_button_type_background_colors":{"default":{"color":"CT_CSS_SKIP_RULEDEFAULT"},"hover":{"color":"CT_CSS_SKIP_RULEDEFAULT"}},"pageExcerptFont":{"family":"Default","variation":"Default","size":"CT_CSS_SKIP_RULE","line-height":"CT_CSS_SKIP_RULE","letter-spacing":"CT_CSS_SKIP_RULE","text-transform":"CT_CSS_SKIP_RULE","text-decoration":"CT_CSS_SKIP_RULE"},"pageExcerptColor":{"default":{"color":"CT_CSS_SKIP_RULEDEFAULT"}},"breadcrumbsFont":{"family":"Default","variation":"Default","size":"CT_CSS_SKIP_RULE","line-height":"CT_CSS_SKIP_RULE","letter-spacing":"CT_CSS_SKIP_RULE","text-transform":"CT_CSS_SKIP_RULE","text-decoration":"CT_CSS_SKIP_RULE"},"breadcrumbsFontColor":{"default":{"color":"CT_CSS_SKIP_RULEDEFAULT"},"initial":{"color":"CT_CSS_SKIP_RULEDEFAULT"},"hover":{"color":"CT_CSS_SKIP_RULEDEFAULT"}},"pageTitleOverlay":{"background_type":"color","background_pattern":"type-1","background_image":{"attachment_id":null,"x":0,"y":0},"gradient":"linear-gradient(135deg,rgba(6,147,227,1) 0%,rgb(155,81,224) 100%)","background_repeat":"repeat","background_size":"auto","background_attachment":"scroll","patternColor":{"default":{"color":"#e5e7ea"}},"overlayColor":{"default":{"color":"CT_CSS_SKIP_RULE"}},"backgroundColor":{"default":{"color":"CT_CSS_SKIP_RULE"}}},"pageTitleBackground":{"background_type":"color","background_pattern":"type-1","background_image":{"attachment_id":null,"x":0,"y":0},"gradient":"linear-gradient(135deg,rgba(6,147,227,1) 0%,rgb(155,81,224) 100%)","background_repeat":"repeat","background_size":"auto","background_attachment":"scroll","patternColor":{"default":{"color":"#e5e7ea"}},"overlayColor":{"default":{"color":"CT_CSS_SKIP_RULE"}},"backgroundColor":{"default":{"color":"var(--theme-palette-color-6)"}}},"pageTitlePadding":{"top":"50px","bottom":"50px","left":"auto","right":"auto","linked":true},"bc77ddfbf2a7cccddf76a372e158a43d":"","page_structure_type":"type-3","34a9b76a226fc2cabdfa5fba6203121f":"","content_style_source":"inherit","content_style":"wide","vertical_spacing_source":"inherit","content_area_spacing":"both","background":{"background_type":"color","background_pattern":"type-1","background_image":{"attachment_id":null,"x":0,"y":0},"gradient":"linear-gradient(135deg,rgba(6,147,227,1) 0%,rgb(155,81,224) 100%)","background_repeat":"repeat","background_size":"auto","background_attachment":"scroll","patternColor":{"default":{"color":"#e5e7ea"}},"overlayColor":{"default":{"color":"CT_CSS_SKIP_RULE"}},"backgroundColor":{"default":{"color":"CT_CSS_SKIP_RULE"}}},"content_background":{"background_type":"color","background_pattern":"type-1","background_image":{"attachment_id":null,"x":0,"y":0},"gradient":"linear-gradient(135deg,rgba(6,147,227,1) 0%,rgb(155,81,224) 100%)","background_repeat":"repeat","background_size":"auto","background_attachment":"scroll","patternColor":{"default":{"color":"#e5e7ea"}},"overlayColor":{"default":{"color":"CT_CSS_SKIP_RULE"}},"backgroundColor":{"default":{"color":"var(--theme-palette-color-8)"}}},"content_boxed_shadow":{"inherit":false,"blur":18,"spread":-6,"v_offset":12,"h_offset":0,"inset":false,"enable":true,"color":{"color":"rgba(34, 56, 101, 0.04)"}},"content_boxed_border":{"width":1,"style":"none","color":{"color":"rgba(44,62,80,0.2)"}},"content_boxed_radius":{"top":"3px","bottom":"3px","left":"3px","right":"3px","linked":true},"boxed_content_spacing":{"desktop":{"top":"40px","bottom":"40px","left":"40px","right":"40px","linked":true},"tablet":{"top":"35px","bottom":"35px","left":"35px","right":"35px","linked":true},"mobile":{"top":"20px","bottom":"20px","left":"20px","right":"20px","linked":true}},"5ced2e0cc8689a0f7af3b3c6341abbac":"","disable_featured_image":"no","disable_share_box":"no","disable_header":"no","disable_footer":"no"},"yoast_head":"<!-- This site is optimized with the Yoast SEO plugin v25.2 - https:\/\/yoast.com\/wordpress\/plugins\/seo\/ -->\n<title>O Mapa - Mapa Cultural da Rocinha<\/title>\n<meta name=\"robots\" content=\"index, follow, max-snippet:-1, max-image-preview:large, max-video-preview:-1\" \/>\n<link rel=\"canonical\" href=\"https:\/\/www.falaroca.com\/mapa\/o-mapa\/\" \/>\n<meta property=\"og:locale\" content=\"pt_BR\" \/>\n<meta property=\"og:type\" content=\"article\" \/>\n<meta property=\"og:title\" content=\"O Mapa - Mapa Cultural da Rocinha\" \/>\n<meta property=\"og:description\" content=\"Mapa Cultural da Rocinha \u00e9 um projeto desenvolvido pelo Fala Ro\u00e7a, com o objetivo de mostrar as iniciativas culturais que existem na Rocinha. Somente no Rio de Janeiro existem mais de mil favelas. Nos \u00faltimos anos, o termo &#8220;favela&#8221; sofreu remo\u00e7\u00f5es dos mapas digitais e virou zonas de riscos para aplicativos. No momento em que [&hellip;]\" \/>\n<meta property=\"og:url\" content=\"https:\/\/www.falaroca.com\/mapa\/o-mapa\/\" \/>\n<meta property=\"og:site_name\" content=\"Mapa Cultural da Rocinha\" \/>\n<meta property=\"article:modified_time\" content=\"2023-01-07T22:08:54+00:00\" \/>\n<meta property=\"og:image\" content=\"https:\/\/www.falaroca.com\/mapa\/wp-content\/uploads\/2016\/01\/logofalaroca.png\" \/>\n\t<meta property=\"og:image:width\" content=\"280\" \/>\n\t<meta property=\"og:image:height\" content=\"287\" \/>\n\t<meta property=\"og:image:type\" content=\"image\/png\" \/>\n<meta name=\"twitter:card\" content=\"summary_large_image\" \/>\n<meta name=\"twitter:label1\" content=\"Est. tempo de leitura\" \/>\n\t<meta name=\"twitter:data1\" content=\"2 minutos\" \/>\n<script type=\"application\/ld+json\" class=\"yoast-schema-graph\">{\"@context\":\"https:\/\/schema.org\",\"@graph\":[{\"@type\":\"WebPage\",\"@id\":\"https:\/\/www.falaroca.com\/mapa\/o-mapa\/\",\"url\":\"https:\/\/www.falaroca.com\/mapa\/o-mapa\/\",\"name\":\"O Mapa - Mapa Cultural da Rocinha\",\"isPartOf\":{\"@id\":\"https:\/\/www.falaroca.com\/mapa\/#website\"},\"primaryImageOfPage\":{\"@id\":\"https:\/\/www.falaroca.com\/mapa\/o-mapa\/#primaryimage\"},\"image\":{\"@id\":\"https:\/\/www.falaroca.com\/mapa\/o-mapa\/#primaryimage\"},\"thumbnailUrl\":\"https:\/\/www.falaroca.com\/mapa\/wp-content\/uploads\/2016\/01\/logofalaroca.png\",\"datePublished\":\"2016-01-05T01:59:19+00:00\",\"dateModified\":\"2023-01-07T22:08:54+00:00\",\"breadcrumb\":{\"@id\":\"https:\/\/www.falaroca.com\/mapa\/o-mapa\/#breadcrumb\"},\"inLanguage\":\"pt-BR\",\"potentialAction\":[{\"@type\":\"ReadAction\",\"target\":[\"https:\/\/www.falaroca.com\/mapa\/o-mapa\/\"]}]},{\"@type\":\"ImageObject\",\"inLanguage\":\"pt-BR\",\"@id\":\"https:\/\/www.falaroca.com\/mapa\/o-mapa\/#primaryimage\",\"url\":\"https:\/\/www.falaroca.com\/mapa\/wp-content\/uploads\/2016\/01\/logofalaroca.png\",\"contentUrl\":\"https:\/\/www.falaroca.com\/mapa\/wp-content\/uploads\/2016\/01\/logofalaroca.png\",\"width\":280,\"height\":287},{\"@type\":\"BreadcrumbList\",\"@id\":\"https:\/\/www.falaroca.com\/mapa\/o-mapa\/#breadcrumb\",\"itemListElement\":[{\"@type\":\"ListItem\",\"position\":1,\"name\":\"In\u00edcio\",\"item\":\"https:\/\/www.falaroca.com\/mapa\/\"},{\"@type\":\"ListItem\",\"position\":2,\"name\":\"O Mapa\"}]},{\"@type\":\"WebSite\",\"@id\":\"https:\/\/www.falaroca.com\/mapa\/#website\",\"url\":\"https:\/\/www.falaroca.com\/mapa\/\",\"name\":\"Mapa Cultural da Rocinha\",\"description\":\"Mapa Cultural da Rocinha\",\"potentialAction\":[{\"@type\":\"SearchAction\",\"target\":{\"@type\":\"EntryPoint\",\"urlTemplate\":\"https:\/\/www.falaroca.com\/mapa\/?s={search_term_string}\"},\"query-input\":{\"@type\":\"PropertyValueSpecification\",\"valueRequired\":true,\"valueName\":\"search_term_string\"}}],\"inLanguage\":\"pt-BR\"}]}<\/script>\n<!-- \/ Yoast SEO plugin. -->","yoast_head_json":{"title":"O Mapa - Mapa Cultural da Rocinha","robots":{"index":"index","follow":"follow","max-snippet":"max-snippet:-1","max-image-preview":"max-image-preview:large","max-video-preview":"max-video-preview:-1"},"canonical":"https:\/\/www.falaroca.com\/mapa\/o-mapa\/","og_locale":"pt_BR","og_type":"article","og_title":"O Mapa - Mapa Cultural da Rocinha","og_description":"Mapa Cultural da Rocinha \u00e9 um projeto desenvolvido pelo Fala Ro\u00e7a, com o objetivo de mostrar as iniciativas culturais que existem na Rocinha. Somente no Rio de Janeiro existem mais de mil favelas. Nos \u00faltimos anos, o termo &#8220;favela&#8221; sofreu remo\u00e7\u00f5es dos mapas digitais e virou zonas de riscos para aplicativos. No momento em que [&hellip;]","og_url":"https:\/\/www.falaroca.com\/mapa\/o-mapa\/","og_site_name":"Mapa Cultural da Rocinha","article_modified_time":"2023-01-07T22:08:54+00:00","og_image":[{"width":280,"height":287,"url":"https:\/\/www.falaroca.com\/mapa\/wp-content\/uploads\/2016\/01\/logofalaroca.png","type":"image\/png"}],"twitter_card":"summary_large_image","twitter_misc":{"Est. tempo de leitura":"2 minutos"},"schema":{"@context":"https:\/\/schema.org","@graph":[{"@type":"WebPage","@id":"https:\/\/www.falaroca.com\/mapa\/o-mapa\/","url":"https:\/\/www.falaroca.com\/mapa\/o-mapa\/","name":"O Mapa - Mapa Cultural da Rocinha","isPartOf":{"@id":"https:\/\/www.falaroca.com\/mapa\/#website"},"primaryImageOfPage":{"@id":"https:\/\/www.falaroca.com\/mapa\/o-mapa\/#primaryimage"},"image":{"@id":"https:\/\/www.falaroca.com\/mapa\/o-mapa\/#primaryimage"},"thumbnailUrl":"https:\/\/www.falaroca.com\/mapa\/wp-content\/uploads\/2016\/01\/logofalaroca.png","datePublished":"2016-01-05T01:59:19+00:00","dateModified":"2023-01-07T22:08:54+00:00","breadcrumb":{"@id":"https:\/\/www.falaroca.com\/mapa\/o-mapa\/#breadcrumb"},"inLanguage":"pt-BR","potentialAction":[{"@type":"ReadAction","target":["https:\/\/www.falaroca.com\/mapa\/o-mapa\/"]}]},{"@type":"ImageObject","inLanguage":"pt-BR","@id":"https:\/\/www.falaroca.com\/mapa\/o-mapa\/#primaryimage","url":"https:\/\/www.falaroca.com\/mapa\/wp-content\/uploads\/2016\/01\/logofalaroca.png","contentUrl":"https:\/\/www.falaroca.com\/mapa\/wp-content\/uploads\/2016\/01\/logofalaroca.png","width":280,"height":287},{"@type":"BreadcrumbList","@id":"https:\/\/www.falaroca.com\/mapa\/o-mapa\/#breadcrumb","itemListElement":[{"@type":"ListItem","position":1,"name":"In\u00edcio","item":"https:\/\/www.falaroca.com\/mapa\/"},{"@type":"ListItem","position":2,"name":"O Mapa"}]},{"@type":"WebSite","@id":"https:\/\/www.falaroca.com\/mapa\/#website","url":"https:\/\/www.falaroca.com\/mapa\/","name":"Mapa Cultural da Rocinha","description":"Mapa Cultural da Rocinha","potentialAction":[{"@type":"SearchAction","target":{"@type":"EntryPoint","urlTemplate":"https:\/\/www.falaroca.com\/mapa\/?s={search_term_string}"},"query-input":{"@type":"PropertyValueSpecification","valueRequired":true,"valueName":"search_term_string"}}],"inLanguage":"pt-BR"}]}},"_links":{"self":[{"href":"https:\/\/www.falaroca.com\/mapa\/wp-json\/wp\/v2\/pages\/326","targetHints":{"allow":["GET"]}}],"collection":[{"href":"https:\/\/www.falaroca.com\/mapa\/wp-json\/wp\/v2\/pages"}],"about":[{"href":"https:\/\/www.falaroca.com\/mapa\/wp-json\/wp\/v2\/types\/page"}],"author":[{"embeddable":true,"href":"https:\/\/www.falaroca.com\/mapa\/wp-json\/wp\/v2\/users\/1"}],"replies":[{"embeddable":true,"href":"https:\/\/www.falaroca.com\/mapa\/wp-json\/wp\/v2\/comments?post=326"}],"version-history":[{"count":25,"href":"https:\/\/www.falaroca.com\/mapa\/wp-json\/wp\/v2\/pages\/326\/revisions"}],"predecessor-version":[{"id":1369,"href":"https:\/\/www.falaroca.com\/mapa\/wp-json\/wp\/v2\/pages\/326\/revisions\/1369"}],"wp:featuredmedia":[{"embeddable":true,"href":"https:\/\/www.falaroca.com\/mapa\/wp-json\/wp\/v2\/media\/541"}],"wp:attachment":[{"href":"https:\/\/www.falaroca.com\/mapa\/wp-json\/wp\/v2\/media?parent=326"}],"curies":[{"name":"wp","href":"https:\/\/api.w.org\/{rel}","templated":true}]}}