{"id":331,"date":"2016-01-04T23:09:57","date_gmt":"2016-01-05T02:09:57","guid":{"rendered":"http:\/\/www.falaroca.com\/mapa\/?page_id=331"},"modified":"2023-01-14T06:40:37","modified_gmt":"2023-01-14T09:40:37","slug":"colabore","status":"publish","type":"page","link":"https:\/\/www.falaroca.com\/mapa\/colabore\/","title":{"rendered":"Cadastre uma iniciativa no mapa"},"content":{"rendered":"\n<p>Ningu\u00e9m conhece as favelas melhor do que os pr\u00f3prios moradores. O Mapa Cultural da Rocinha \u00e9 uma plataforma colaborativa. Se voc\u00ea for produtor cultural, artista, coletivo, espa\u00e7o, institui\u00e7\u00e3o ou etc, poder\u00e1 cadastrar o ponto e fazer parte do mapa.<\/p>\n\n\n\n<p>Sua contribui\u00e7\u00e3o \u00e9 importante para mostrarmos que a favela \u00e9 rica em cultura. Caso tenha dificuldade em marcar o ponto, fale com a gente e iremos ter o prazer em ajudar.<\/p>\n\n\n\n<figure class=\"wp-block-table\"><table><tbody><tr><td><div class=\"wpforms-container wpforms-container-full\" id=\"wpforms-1419\"><form id=\"wpforms-form-1419\" class=\"wpforms-validate wpforms-form wpforms-ajax-form\" data-formid=\"1419\" method=\"post\" enctype=\"multipart\/form-data\" action=\"\/mapa\/wp-json\/wp\/v2\/pages\/331\" data-token=\"fe1ded3e1777ca1ee3e796c4074cb93c\" data-token-time=\"1775979080\"><noscript class=\"wpforms-error-noscript\">Ative o JavaScript no seu navegador para preencher este formul\u00e1rio.<\/noscript><div class=\"wpforms-field-container\"><div id=\"wpforms-1419-field_1-container\" class=\"wpforms-field wpforms-field-text\" data-field-id=\"1\"><label class=\"wpforms-field-label\" for=\"wpforms-1419-field_1\">Nome e sobrenome <span class=\"wpforms-required-label\">*<\/span><\/label><input type=\"text\" id=\"wpforms-1419-field_1\" class=\"wpforms-field-medium wpforms-field-required\" name=\"wpforms[fields][1]\" required><\/div><div id=\"wpforms-1419-field_2-container\" class=\"wpforms-field wpforms-field-text\" data-field-id=\"2\"><label class=\"wpforms-field-label\" for=\"wpforms-1419-field_2\">E-mail <span class=\"wpforms-required-label\">*<\/span><\/label><input type=\"text\" id=\"wpforms-1419-field_2\" class=\"wpforms-field-medium wpforms-field-required\" name=\"wpforms[fields][2]\" required><\/div><div id=\"wpforms-1419-field_9-container\" class=\"wpforms-field wpforms-field-number\" data-field-id=\"9\"><label class=\"wpforms-field-label\" for=\"wpforms-1419-field_9\">Telefone (WhatsApp) <span class=\"wpforms-required-label\">*<\/span><\/label><input type=\"number\" id=\"wpforms-1419-field_9\" class=\"wpforms-field-medium wpforms-field-required\" name=\"wpforms[fields][9]\" step=\"any\" required><\/div><div id=\"wpforms-1419-field_3-container\" class=\"wpforms-field wpforms-field-text\" data-field-id=\"3\"><label class=\"wpforms-field-label\" for=\"wpforms-1419-field_3\">Localiza\u00e7\u00e3o<\/label><input type=\"text\" id=\"wpforms-1419-field_3\" class=\"wpforms-field-medium\" name=\"wpforms[fields][3]\" ><div class=\"wpforms-field-description\"><a href=\"https:\/\/support.google.com\/maps\/answer\/18539?hl=pt-br&ref_topic=3092444&co=GENIE.Platform%3DDesktop&oco=1\"target=\"_blank\">Saiba como descobrir<\/a> as coordenadas (latitude e longitude) do local que deseja cadastrar<\/div><\/div><div id=\"wpforms-1419-field_4-container\" class=\"wpforms-field wpforms-field-text\" data-field-id=\"4\"><label class=\"wpforms-field-label\" for=\"wpforms-1419-field_4\">O nome da iniciativa como ela \u00e9 conhecida <span class=\"wpforms-required-label\">*<\/span><\/label><input type=\"text\" id=\"wpforms-1419-field_4\" class=\"wpforms-field-medium wpforms-field-required\" name=\"wpforms[fields][4]\" required><\/div><div id=\"wpforms-1419-field_8-container\" class=\"wpforms-field wpforms-field-textarea\" data-field-id=\"8\"><label class=\"wpforms-field-label\" for=\"wpforms-1419-field_8\">Descreva a iniciativa em poucas linhas <span class=\"wpforms-required-label\">*<\/span><\/label><textarea id=\"wpforms-1419-field_8\" class=\"wpforms-field-medium wpforms-field-required\" name=\"wpforms[fields][8]\" required><\/textarea><\/div><div id=\"wpforms-1419-field_6-container\" class=\"wpforms-field wpforms-field-select wpforms-field-select-style-classic\" data-field-id=\"6\"><label class=\"wpforms-field-label\" for=\"wpforms-1419-field_6\">Categoria <span class=\"wpforms-required-label\">*<\/span><\/label><select id=\"wpforms-1419-field_6\" class=\"wpforms-field-medium wpforms-field-required\" name=\"wpforms[fields][6]\" required=\"required\"><option value=\"Artes Pl\u00e1sticas\"  class=\"choice-4 depth-1\"  >Artes Pl\u00e1sticas<\/option><option value=\"Artesanato\"  class=\"choice-5 depth-1\"  >Artesanato<\/option><option value=\"Carnaval\"  class=\"choice-6 depth-1\"  >Carnaval<\/option><option value=\"Centro comunit\u00e1rio\"  class=\"choice-7 depth-1\"  >Centro comunit\u00e1rio<\/option><option value=\"Centro Cultural\"  class=\"choice-8 depth-1\"  >Centro Cultural<\/option><option value=\"Centro Social\"  class=\"choice-9 depth-1\"  >Centro Social<\/option><option value=\"Cinema\"  class=\"choice-10 depth-1\"  >Cinema<\/option><option value=\"Circo\"  class=\"choice-11 depth-1\"  >Circo<\/option><option value=\"Comunica\u00e7\u00e3o\"  class=\"choice-12 depth-1\"  >Comunica\u00e7\u00e3o<\/option><option value=\"Culin\u00e1ria\"  class=\"choice-13 depth-1\"  >Culin\u00e1ria<\/option><option value=\"Cultura digital\"  class=\"choice-14 depth-1\"  >Cultura digital<\/option><option value=\"Dan\u00e7a\"  class=\"choice-15 depth-1\"  >Dan\u00e7a<\/option><option value=\"Educa\u00e7\u00e3o\"  class=\"choice-16 depth-1\"  >Educa\u00e7\u00e3o<\/option><option value=\"Esporte\"  class=\"choice-17 depth-1\"  >Esporte<\/option><option value=\"Fotografi\"  class=\"choice-18 depth-1\"  >Fotografi<\/option><option value=\"Grafite\"  class=\"choice-19 depth-1\"  >Grafite<\/option><option value=\"Lazer\"  class=\"choice-20 depth-1\"  >Lazer<\/option><option value=\"Moda\"  class=\"choice-21 depth-1\"  >Moda<\/option><option value=\"Museu\"  class=\"choice-22 depth-1\"  >Museu<\/option><option value=\"M\u00fasica\"  class=\"choice-23 depth-1\"  >M\u00fasica<\/option><option value=\"Pintura\"  class=\"choice-24 depth-1\"  >Pintura<\/option><option value=\"Ponto de Encontro\"  class=\"choice-25 depth-1\"  >Ponto de Encontro<\/option><option value=\"Ponto de Refer\u00eancia\"  class=\"choice-26 depth-1\"  >Ponto de Refer\u00eancia<\/option><option value=\"Religi\u00e3o\"  class=\"choice-27 depth-1\"  >Religi\u00e3o<\/option><option value=\"Teatro\"  class=\"choice-28 depth-1\"  >Teatro<\/option><option value=\"Outro(a)\"  class=\"choice-29 depth-1\"  >Outro(a)<\/option><\/select><\/div><\/div><!-- .wpforms-field-container --><div class=\"wpforms-submit-container\" ><input type=\"hidden\" name=\"wpforms[id]\" value=\"1419\"><input type=\"hidden\" name=\"page_title\" value=\"\"><input type=\"hidden\" name=\"page_url\" value=\"https:\/\/www.falaroca.com\/mapa\/wp-json\/wp\/v2\/pages\/331\"><input type=\"hidden\" name=\"url_referer\" value=\"\"><button type=\"submit\" name=\"wpforms[submit]\" id=\"wpforms-submit-1419\" class=\"wpforms-submit\" data-alt-text=\"Enviando...\" data-submit-text=\"Enviar\" aria-live=\"assertive\" value=\"wpforms-submit\">Enviar<\/button><img loading=\"lazy\" decoding=\"async\" src=\"https:\/\/www.falaroca.com\/mapa\/wp-content\/plugins\/wpforms-lite\/assets\/images\/submit-spin.svg\" class=\"wpforms-submit-spinner\" style=\"display: none;\" width=\"26\" height=\"26\" alt=\"Carregando\"><\/div><\/form><\/div>  <!-- .wpforms-container --><\/td><\/tr><\/tbody><\/table><\/figure>\n","protected":false},"excerpt":{"rendered":"<p>Ningu\u00e9m conhece as favelas melhor do que os pr\u00f3prios moradores. O Mapa Cultural da Rocinha \u00e9 uma plataforma colaborativa. Se voc\u00ea for produtor cultural, artista, coletivo, espa\u00e7o, institui\u00e7\u00e3o ou etc, poder\u00e1 cadastrar o ponto e fazer parte do mapa. Sua contribui\u00e7\u00e3o \u00e9 importante para mostrarmos que a favela \u00e9 rica em cultura. Caso tenha dificuldade [&hellip;]<\/p>\n","protected":false},"author":1,"featured_media":0,"parent":0,"menu_order":0,"comment_status":"closed","ping_status":"closed","template":"","meta":{"_themeisle_gutenberg_block_has_review":false,"footnotes":""},"class_list":["post-331","page","type-page","status-publish","hentry"],"blocksy_meta":{"styles_descriptor":{"styles":{"desktop":"","tablet":"","mobile":""},"google_fonts":[],"version":6},"page_title_panel":"","has_hero_section":"default","73907e339f9a68248395fb622cd482fd":"","hero_section":"type-1","hero_elements":[{"id":"custom_title","enabled":true,"heading_tag":"h1","title":"P\u00e1gina inicial"},{"id":"custom_description","enabled":true,"description_visibility":{"desktop":true,"tablet":true,"mobile":false}},{"id":"custom_meta","enabled":false,"meta_elements":[{"id":"author","enabled":true,"label":"Por","has_author_avatar":"yes","avatar_size":25},{"id":"post_date","enabled":true,"label":"Em","date_format_source":"default","date_format":"M j, Y"},{"id":"updated_date","enabled":false,"label":"Em","date_format_source":"default","date_format":"M j, Y"},{"id":"categories","enabled":false,"label":"Em","style":"simple"},{"id":"comments","enabled":true}],"page_meta_elements":{"joined":true,"articles_count":true,"comments":true}},{"id":"breadcrumbs","enabled":false}],"73ead817b04442dd9ff29199b09ee4e9":"","hero_alignment1":"CT_CSS_SKIP_RULE","hero_margin":40,"hero_alignment2":"center","hero_vertical_alignment":"center","2058a8a34230e6872a2b596394895386":"","hero_structure":"narrow","a97fa51938c039e5ce4822da033d760f":"","page_title_bg_type":"featured_image","custom_hero_background":{"attachment_id":null},"page_title_image_size":"full","parallax":{"desktop":false,"tablet":false,"mobile":false},"f5aeba7baa18f43ab3edd317e3fa4053":"","hero_height":"250px","pageTitleFont":{"family":"Default","variation":"Default","size":"30px","line-height":"CT_CSS_SKIP_RULE","letter-spacing":"CT_CSS_SKIP_RULE","text-transform":"CT_CSS_SKIP_RULE","text-decoration":"CT_CSS_SKIP_RULE"},"pageTitleFontColor":{"default":{"color":"CT_CSS_SKIP_RULEDEFAULT"}},"pageMetaFont":{"family":"Default","variation":"n6","size":"12px","line-height":"1.3","letter-spacing":"CT_CSS_SKIP_RULE","text-transform":"uppercase","text-decoration":"CT_CSS_SKIP_RULE"},"pageMetaFontColor":{"default":{"color":"CT_CSS_SKIP_RULEDEFAULT"},"hover":{"color":"CT_CSS_SKIP_RULEDEFAULT"}},"page_meta_button_type_font_colors":{"default":{"color":"CT_CSS_SKIP_RULEDEFAULT"},"hover":{"color":"CT_CSS_SKIP_RULEDEFAULT"}},"page_meta_button_type_background_colors":{"default":{"color":"CT_CSS_SKIP_RULEDEFAULT"},"hover":{"color":"CT_CSS_SKIP_RULEDEFAULT"}},"pageExcerptFont":{"family":"Default","variation":"Default","size":"CT_CSS_SKIP_RULE","line-height":"CT_CSS_SKIP_RULE","letter-spacing":"CT_CSS_SKIP_RULE","text-transform":"CT_CSS_SKIP_RULE","text-decoration":"CT_CSS_SKIP_RULE"},"pageExcerptColor":{"default":{"color":"CT_CSS_SKIP_RULEDEFAULT"}},"breadcrumbsFont":{"family":"Default","variation":"Default","size":"CT_CSS_SKIP_RULE","line-height":"CT_CSS_SKIP_RULE","letter-spacing":"CT_CSS_SKIP_RULE","text-transform":"CT_CSS_SKIP_RULE","text-decoration":"CT_CSS_SKIP_RULE"},"breadcrumbsFontColor":{"default":{"color":"CT_CSS_SKIP_RULEDEFAULT"},"initial":{"color":"CT_CSS_SKIP_RULEDEFAULT"},"hover":{"color":"CT_CSS_SKIP_RULEDEFAULT"}},"pageTitleOverlay":{"background_type":"color","background_pattern":"type-1","background_image":{"attachment_id":null,"x":0,"y":0},"gradient":"linear-gradient(135deg,rgba(6,147,227,1) 0%,rgb(155,81,224) 100%)","background_repeat":"repeat","background_size":"auto","background_attachment":"scroll","patternColor":{"default":{"color":"#e5e7ea"}},"overlayColor":{"default":{"color":"CT_CSS_SKIP_RULE"}},"backgroundColor":{"default":{"color":"CT_CSS_SKIP_RULE"}}},"pageTitleBackground":{"background_type":"color","background_pattern":"type-1","background_image":{"attachment_id":null,"x":0,"y":0},"gradient":"linear-gradient(135deg,rgba(6,147,227,1) 0%,rgb(155,81,224) 100%)","background_repeat":"repeat","background_size":"auto","background_attachment":"scroll","patternColor":{"default":{"color":"#e5e7ea"}},"overlayColor":{"default":{"color":"CT_CSS_SKIP_RULE"}},"backgroundColor":{"default":{"color":"var(--theme-palette-color-6)"}}},"pageTitlePadding":{"top":"50px","bottom":"50px","left":"auto","right":"auto","linked":true},"856a293d0031c578ab4e9715e8fb7ace":"","page_structure_type":"type-3","4a8a676fc0cfa4ccfb9f4adcdbaf8d40":"","content_style_source":"inherit","content_style":"wide","vertical_spacing_source":"inherit","content_area_spacing":"both","background":{"background_type":"color","background_pattern":"type-1","background_image":{"attachment_id":null,"x":0,"y":0},"gradient":"linear-gradient(135deg,rgba(6,147,227,1) 0%,rgb(155,81,224) 100%)","background_repeat":"repeat","background_size":"auto","background_attachment":"scroll","patternColor":{"default":{"color":"#e5e7ea"}},"overlayColor":{"default":{"color":"CT_CSS_SKIP_RULE"}},"backgroundColor":{"default":{"color":"CT_CSS_SKIP_RULE"}}},"content_background":{"background_type":"color","background_pattern":"type-1","background_image":{"attachment_id":null,"x":0,"y":0},"gradient":"linear-gradient(135deg,rgba(6,147,227,1) 0%,rgb(155,81,224) 100%)","background_repeat":"repeat","background_size":"auto","background_attachment":"scroll","patternColor":{"default":{"color":"#e5e7ea"}},"overlayColor":{"default":{"color":"CT_CSS_SKIP_RULE"}},"backgroundColor":{"default":{"color":"var(--theme-palette-color-8)"}}},"content_boxed_shadow":{"inherit":false,"blur":18,"spread":-6,"v_offset":12,"h_offset":0,"inset":false,"enable":true,"color":{"color":"rgba(34, 56, 101, 0.04)"}},"content_boxed_border":{"width":1,"style":"none","color":{"color":"rgba(44,62,80,0.2)"}},"content_boxed_radius":{"top":"3px","bottom":"3px","left":"3px","right":"3px","linked":true},"boxed_content_spacing":{"desktop":{"top":"40px","bottom":"40px","left":"40px","right":"40px","linked":true},"tablet":{"top":"35px","bottom":"35px","left":"35px","right":"35px","linked":true},"mobile":{"top":"20px","bottom":"20px","left":"20px","right":"20px","linked":true}},"18c3b84e5b2d24a116eb4bb6a0ee14d2":"","disable_featured_image":"no","disable_share_box":"no","disable_header":"no","disable_footer":"no"},"yoast_head":"<!-- This site is optimized with the Yoast SEO plugin v25.2 - https:\/\/yoast.com\/wordpress\/plugins\/seo\/ -->\n<title>Cadastre uma iniciativa no mapa - Mapa Cultural da Rocinha<\/title>\n<meta name=\"robots\" content=\"index, follow, max-snippet:-1, max-image-preview:large, max-video-preview:-1\" \/>\n<link rel=\"canonical\" href=\"https:\/\/www.falaroca.com\/mapa\/colabore\/\" \/>\n<meta property=\"og:locale\" content=\"pt_BR\" \/>\n<meta property=\"og:type\" content=\"article\" \/>\n<meta property=\"og:title\" content=\"Cadastre uma iniciativa no mapa - Mapa Cultural da Rocinha\" \/>\n<meta property=\"og:description\" content=\"Ningu\u00e9m conhece as favelas melhor do que os pr\u00f3prios moradores. O Mapa Cultural da Rocinha \u00e9 uma plataforma colaborativa. Se voc\u00ea for produtor cultural, artista, coletivo, espa\u00e7o, institui\u00e7\u00e3o ou etc, poder\u00e1 cadastrar o ponto e fazer parte do mapa. Sua contribui\u00e7\u00e3o \u00e9 importante para mostrarmos que a favela \u00e9 rica em cultura. Caso tenha dificuldade [&hellip;]\" \/>\n<meta property=\"og:url\" content=\"https:\/\/www.falaroca.com\/mapa\/colabore\/\" \/>\n<meta property=\"og:site_name\" content=\"Mapa Cultural da Rocinha\" \/>\n<meta property=\"article:modified_time\" content=\"2023-01-14T09:40:37+00:00\" \/>\n<meta name=\"twitter:card\" content=\"summary_large_image\" \/>\n<meta name=\"twitter:label1\" content=\"Est. tempo de leitura\" \/>\n\t<meta name=\"twitter:data1\" content=\"1 minuto\" \/>\n<script type=\"application\/ld+json\" class=\"yoast-schema-graph\">{\"@context\":\"https:\/\/schema.org\",\"@graph\":[{\"@type\":\"WebPage\",\"@id\":\"https:\/\/www.falaroca.com\/mapa\/colabore\/\",\"url\":\"https:\/\/www.falaroca.com\/mapa\/colabore\/\",\"name\":\"Cadastre uma iniciativa no mapa - Mapa Cultural da Rocinha\",\"isPartOf\":{\"@id\":\"https:\/\/www.falaroca.com\/mapa\/#website\"},\"datePublished\":\"2016-01-05T02:09:57+00:00\",\"dateModified\":\"2023-01-14T09:40:37+00:00\",\"breadcrumb\":{\"@id\":\"https:\/\/www.falaroca.com\/mapa\/colabore\/#breadcrumb\"},\"inLanguage\":\"pt-BR\",\"potentialAction\":[{\"@type\":\"ReadAction\",\"target\":[\"https:\/\/www.falaroca.com\/mapa\/colabore\/\"]}]},{\"@type\":\"BreadcrumbList\",\"@id\":\"https:\/\/www.falaroca.com\/mapa\/colabore\/#breadcrumb\",\"itemListElement\":[{\"@type\":\"ListItem\",\"position\":1,\"name\":\"In\u00edcio\",\"item\":\"https:\/\/www.falaroca.com\/mapa\/\"},{\"@type\":\"ListItem\",\"position\":2,\"name\":\"Cadastre uma iniciativa no mapa\"}]},{\"@type\":\"WebSite\",\"@id\":\"https:\/\/www.falaroca.com\/mapa\/#website\",\"url\":\"https:\/\/www.falaroca.com\/mapa\/\",\"name\":\"Mapa Cultural da Rocinha\",\"description\":\"Mapa Cultural da Rocinha\",\"potentialAction\":[{\"@type\":\"SearchAction\",\"target\":{\"@type\":\"EntryPoint\",\"urlTemplate\":\"https:\/\/www.falaroca.com\/mapa\/?s={search_term_string}\"},\"query-input\":{\"@type\":\"PropertyValueSpecification\",\"valueRequired\":true,\"valueName\":\"search_term_string\"}}],\"inLanguage\":\"pt-BR\"}]}<\/script>\n<!-- \/ Yoast SEO plugin. -->","yoast_head_json":{"title":"Cadastre uma iniciativa no mapa - Mapa Cultural da Rocinha","robots":{"index":"index","follow":"follow","max-snippet":"max-snippet:-1","max-image-preview":"max-image-preview:large","max-video-preview":"max-video-preview:-1"},"canonical":"https:\/\/www.falaroca.com\/mapa\/colabore\/","og_locale":"pt_BR","og_type":"article","og_title":"Cadastre uma iniciativa no mapa - Mapa Cultural da Rocinha","og_description":"Ningu\u00e9m conhece as favelas melhor do que os pr\u00f3prios moradores. O Mapa Cultural da Rocinha \u00e9 uma plataforma colaborativa. Se voc\u00ea for produtor cultural, artista, coletivo, espa\u00e7o, institui\u00e7\u00e3o ou etc, poder\u00e1 cadastrar o ponto e fazer parte do mapa. Sua contribui\u00e7\u00e3o \u00e9 importante para mostrarmos que a favela \u00e9 rica em cultura. Caso tenha dificuldade [&hellip;]","og_url":"https:\/\/www.falaroca.com\/mapa\/colabore\/","og_site_name":"Mapa Cultural da Rocinha","article_modified_time":"2023-01-14T09:40:37+00:00","twitter_card":"summary_large_image","twitter_misc":{"Est. tempo de leitura":"1 minuto"},"schema":{"@context":"https:\/\/schema.org","@graph":[{"@type":"WebPage","@id":"https:\/\/www.falaroca.com\/mapa\/colabore\/","url":"https:\/\/www.falaroca.com\/mapa\/colabore\/","name":"Cadastre uma iniciativa no mapa - Mapa Cultural da Rocinha","isPartOf":{"@id":"https:\/\/www.falaroca.com\/mapa\/#website"},"datePublished":"2016-01-05T02:09:57+00:00","dateModified":"2023-01-14T09:40:37+00:00","breadcrumb":{"@id":"https:\/\/www.falaroca.com\/mapa\/colabore\/#breadcrumb"},"inLanguage":"pt-BR","potentialAction":[{"@type":"ReadAction","target":["https:\/\/www.falaroca.com\/mapa\/colabore\/"]}]},{"@type":"BreadcrumbList","@id":"https:\/\/www.falaroca.com\/mapa\/colabore\/#breadcrumb","itemListElement":[{"@type":"ListItem","position":1,"name":"In\u00edcio","item":"https:\/\/www.falaroca.com\/mapa\/"},{"@type":"ListItem","position":2,"name":"Cadastre uma iniciativa no mapa"}]},{"@type":"WebSite","@id":"https:\/\/www.falaroca.com\/mapa\/#website","url":"https:\/\/www.falaroca.com\/mapa\/","name":"Mapa Cultural da Rocinha","description":"Mapa Cultural da Rocinha","potentialAction":[{"@type":"SearchAction","target":{"@type":"EntryPoint","urlTemplate":"https:\/\/www.falaroca.com\/mapa\/?s={search_term_string}"},"query-input":{"@type":"PropertyValueSpecification","valueRequired":true,"valueName":"search_term_string"}}],"inLanguage":"pt-BR"}]}},"_links":{"self":[{"href":"https:\/\/www.falaroca.com\/mapa\/wp-json\/wp\/v2\/pages\/331","targetHints":{"allow":["GET"]}}],"collection":[{"href":"https:\/\/www.falaroca.com\/mapa\/wp-json\/wp\/v2\/pages"}],"about":[{"href":"https:\/\/www.falaroca.com\/mapa\/wp-json\/wp\/v2\/types\/page"}],"author":[{"embeddable":true,"href":"https:\/\/www.falaroca.com\/mapa\/wp-json\/wp\/v2\/users\/1"}],"replies":[{"embeddable":true,"href":"https:\/\/www.falaroca.com\/mapa\/wp-json\/wp\/v2\/comments?post=331"}],"version-history":[{"count":11,"href":"https:\/\/www.falaroca.com\/mapa\/wp-json\/wp\/v2\/pages\/331\/revisions"}],"predecessor-version":[{"id":1425,"href":"https:\/\/www.falaroca.com\/mapa\/wp-json\/wp\/v2\/pages\/331\/revisions\/1425"}],"wp:attachment":[{"href":"https:\/\/www.falaroca.com\/mapa\/wp-json\/wp\/v2\/media?parent=331"}],"curies":[{"name":"wp","href":"https:\/\/api.w.org\/{rel}","templated":true}]}}